{"id":4543,"date":"2024-11-01T14:03:23","date_gmt":"2024-11-01T13:03:23","guid":{"rendered":"https:\/\/blackvue-nordics.com\/privacy\/"},"modified":"2024-11-01T14:12:27","modified_gmt":"2024-11-01T13:12:27","slug":"fortrolighedserklaering","status":"publish","type":"page","link":"https:\/\/blackvue-nordics.com\/da\/fortrolighedserklaering\/","title":{"rendered":"Fortrolighedserkl\u00e6ring"},"content":{"rendered":"<p><strong>BlackVue-Nordics er en del af TJM Supplies B.V.<\/strong><\/p>\n<p>TJM Supplies B.V. er ansvarlig for behandlingen af \u200b\u200bpersonoplysninger som vist i denne fortrolighedserkl\u00e6ring.<\/p>\n<p><strong>Kontaktoplysninger:<\/strong><br \/>\nwww.tjmsupplies.nl<br \/>\nTJM Supplies B.V.<br \/>\nZompstraat 8<br \/>\n8102HX Raalte<br \/>\nHolland<br \/>\n+31 085-0402973<br \/>\ninfo@tjmsupplies.nl<\/p>\n<p><strong>Personoplysninger, som vi behandler<\/strong><\/p>\n<p>TJM Supplies B.V. behandler dine personoplysninger, fordi du bruger vores tjenester og\/eller fordi du selv giver os dem.<\/p>\n<p>Nedenfor finder du en oversigt over de personoplysninger, som vi behandler:<\/p>\n<ul>\n<li>For- og efternavn;<\/li>\n<li>Adresseoplysninger;<\/li>\n<li>Telefonnummer;<\/li>\n<li>E-mailadresse;<\/li>\n<li>IP-adresse;<\/li>\n<li>Data om dine aktiviteter p\u00e5 vores hjemmeside;<\/li>\n<li>Data om din surfeadf\u00e6rd p\u00e5 tv\u00e6rs af forskellige websteder (for eksempel fordi denne virksomhed er en<br \/>\ndel af et annoncenetv\u00e6rk);<\/li>\n<li>Internetbrowser og enhedstype;<\/li>\n<\/ul>\n<p><strong>S\u00e6rlige og\/eller f\u00f8lsomme personoplysninger, som vi behandler<\/strong><\/p>\n<p>Vores hjemmeside og\/eller tjeneste har ikke til hensigt at indsamle data om bes\u00f8gende p\u00e5 hjemmesiden, der er yngre end 16 \u00e5r. Medmindre de har tilladelse fra for\u00e6ldre eller v\u00e6rger. Vi kan dog ikke kontrollere, om en bes\u00f8gende er \u00e6ldre end 16. Vi anbefaler derfor, at for\u00e6ldre inddrages i deres b\u00f8rns onlineaktiviteter, for at forhindre, at data om b\u00f8rn indsamles uden for\u00e6ldrenes samtykke. Hvis du er overbevist om, at vi har indsamlet personoplysninger om en mindre\u00e5rig uden denne tilladelse, bedes du kontakte os via info@tjmsupplies.nl, s\u00e5 sletter vi disse oplysninger.<\/p>\n<p>Til hvilket form\u00e5l og p\u00e5 hvilket grundlag behandler vi personoplysninger<br \/>\nTJM Supplies B.V. behandler dine personoplysninger til f\u00f8lgende form\u00e5l:<\/p>\n<ul>\n<li>Behandling af din betaling;<\/li>\n<li>Udsendelse af vores nyhedsbrev og\/eller reklamebrochure;<\/li>\n<li>For at kunne ringe eller maile dig, hvis dette er n\u00f8dvendigt for at kunne udf\u00f8re vores ydelser;<\/li>\n<li>For at informere dig om \u00e6ndringer i vores tjenester og produkter;<\/li>\n<li>For at tilbyde dig muligheden for at oprette en konto;<\/li>\n<li>At levere varer og tjenester til dig;<\/li>\n<li>TJM Supplies B.V. behandler ogs\u00e5 personoplysninger, hvis vi er juridisk forpligtet til det, s\u00e5som data, som vi har brug for til vores selvangivelse;<\/li>\n<\/ul>\n<p><strong>Hvor l\u00e6nge opbevarer vi personlige data<\/strong><\/p>\n<p>TJM Supplies B.V. opbevarer ikke dine personoplysninger i l\u00e6ngere tid, end det er strengt n\u00f8dvendigt for at opn\u00e5 de form\u00e5l, som dine data indsamles til. Vi bruger f\u00f8lgende opbevaringsperioder for f\u00f8lgende (kategorier) af personlige data:<\/p>\n<ul>\n<li>Personoplysninger &gt; 2 \u00e5r i forbindelse med \u00f8konomisk administration og skatteforpligtelser;<\/li>\n<li>Personlige oplysninger &gt; 2 \u00e5r i forbindelse med \u00f8konomisk administration og skatteforpligtelser;<\/li>\n<li>Adresse &gt; 2 \u00e5r i forbindelse med \u00f8konomiadministration og skattepligt;<\/li>\n<li>Email\/telefonkontakt &gt; 2 \u00e5r i forbindelse med \u00f8konomiadministration og skattepligt;<\/li>\n<\/ul>\n<p><strong>Deling af personlige data med tredjeparter<\/strong><\/p>\n<p>TJM Supplies B.V. s\u00e6lger ikke dine data til tredjemand og leverer dem kun, hvis dette er n\u00f8dvendigt for at udf\u00f8re vores aftale med dig eller for at overholde en juridisk forpligtelse. Vi indg\u00e5r en behandlingsaftale med virksomheder, der behandler dine data p\u00e5 vores vegne, for at sikre samme niveau af sikkerhed og fortrolighed af dine data. TJM Supplies B.V. forbliver ansvarlig for disse processer.<\/p>\n<p><strong>Cookies eller lignende teknikker, som vi bruger<\/strong><\/p>\n<p>TJM Supplies B.V. bruger kun tekniske og funktionelle cookies. Og analytiske cookies, der ikke kr\u00e6nker dit privatliv. En cookie er en lille tekstfil, der gemmes p\u00e5 din computer, tablet eller smartphone, f\u00f8rste gang du bes\u00f8ger denne hjemmeside. De cookies, vi bruger, er n\u00f8dvendige for den tekniske drift af hjemmesiden og din brugervenlighed. De sikrer, at hjemmesiden fungerer korrekt og husker for eksempel dine pr\u00e6ferencer. Vi kan ogs\u00e5 bruge dem til at optimere vores hjemmeside. Du kan frav\u00e6lge cookies ved at indstille din internetbrowser, s\u00e5 den ikke l\u00e6ngere gemmer cookies. Derudover kan du ogs\u00e5 slette alle oplysninger, der tidligere var gemt via indstillingerne i din browser.<\/p>\n<p><strong>Se, rediger eller slet data<\/strong><\/p>\n<p>Du har ret til at se, rette eller slette dine personoplysninger. Derudover har du ret til at tr\u00e6kke dit samtykke til databehandlingen tilbage eller g\u00f8re indsigelse mod behandlingen af \u200b\u200bdine personoplysninger hos TJM Supplies B.V., og du har ret til dataportabilitet. Det betyder, at du kan indsende en anmodning til os om at sende de personoplysninger, som vi har om dig, i en computerfil til dig eller en anden organisation, du har navngivet.<\/p>\n<p>Du kan sende en anmodning om indsigt, rettelse, sletning, dataoverf\u00f8rsel af dine personoplysninger eller anmodning om tilbagetr\u00e6kning af dit samtykke eller indsigelse mod behandlingen af \u200b\u200bdine personoplysninger til info@tjmsupplies.nl.<\/p>\n<p>For at sikre, at anmodningen om indsigt er fremsat af dig, beder vi dig sende en kopi af dit ID sammen med anmodningen. I denne kopi skal du m\u00f8rkl\u00e6gge dit pasfoto, MRZ (maskinl\u00e6sbar zone, striben med numre i bunden af \u200b\u200bpasset), pasnummer og borgerservicenummer (BSN). Dette er for at beskytte dit privatliv. Vi vil besvare din anmodning hurtigst muligt, men inden for fire uger.<\/p>\n<p><strong>Hvordan vi beskytter personlige data<\/strong><\/p>\n<p>TJM Supplies B.V. tager beskyttelsen af \u200b\u200bdine data seri\u00f8st og tager passende foranstaltninger for at forhindre misbrug, tab, uautoriseret adgang, u\u00f8nsket offentligg\u00f8relse og uautoriseret \u00e6ndring. Hvis du har indtryk af, at dine data ikke er korrekt sikret, eller der er indikationer p\u00e5 misbrug, bedes du kontakte vores kundeservice eller via info@tjmsupplies.nl<\/p>\n<p>&nbsp;<\/p>\n","protected":false},"excerpt":{"rendered":"<p>BlackVue-Nordics er en del af TJM Supplies B.V. TJM Supplies B.V. er ansvarlig for behandlingen af \u200b\u200bpersonoplysninger som vist i denne fortrolighedserkl\u00e6ring. Kontaktoplysninger: www.tjmsupplies.nl TJM Supplies B.V. Zompstraat 8 8102HX Raalte Holland +31 085-0402973 info@tjmsupplies.nl Personoplysninger, som vi behandler TJM Supplies B.V. behandler dine personoplysninger, fordi du bruger vores tjenester og\/eller fordi du selv giver [&hellip;]<\/p>\n","protected":false},"author":1,"featured_media":0,"parent":0,"menu_order":0,"comment_status":"closed","ping_status":"closed","template":"","meta":{"footnotes":""},"class_list":["post-4543","page","type-page","status-publish","hentry"],"yoast_head":"<!-- This site is optimized with the Yoast SEO Premium plugin v23.6 (Yoast SEO v27.3) - https:\/\/yoast.com\/product\/yoast-seo-premium-wordpress\/ -->\n<title>Fortrolighedserkl\u00e6ring - BlackVue-Nordics<\/title>\n<meta name=\"robots\" content=\"noindex, follow\" \/>\n<meta property=\"og:locale\" content=\"da_DK\" \/>\n<meta property=\"og:type\" content=\"article\" \/>\n<meta property=\"og:title\" content=\"Fortrolighedserkl\u00e6ring\" \/>\n<meta property=\"og:description\" content=\"BlackVue-Nordics er en del af TJM Supplies B.V. TJM Supplies B.V. er ansvarlig for behandlingen af \u200b\u200bpersonoplysninger som vist i denne fortrolighedserkl\u00e6ring. Kontaktoplysninger: www.tjmsupplies.nl TJM Supplies B.V. Zompstraat 8 8102HX Raalte Holland +31 085-0402973 info@tjmsupplies.nl Personoplysninger, som vi behandler TJM Supplies B.V. behandler dine personoplysninger, fordi du bruger vores tjenester og\/eller fordi du selv giver [&hellip;]\" \/>\n<meta property=\"og:url\" content=\"https:\/\/blackvue-nordics.com\/da\/fortrolighedserklaering\/\" \/>\n<meta property=\"og:site_name\" content=\"BlackVue-Nordics\" \/>\n<meta property=\"article:modified_time\" content=\"2024-11-01T13:12:27+00:00\" \/>\n<meta name=\"twitter:card\" content=\"summary_large_image\" \/>\n<meta name=\"twitter:label1\" content=\"Estimeret l\u00e6setid\" \/>\n\t<meta name=\"twitter:data1\" content=\"4 minutter\" \/>\n<script type=\"application\/ld+json\" class=\"yoast-schema-graph\">{\"@context\":\"https:\\\/\\\/schema.org\",\"@graph\":[{\"@type\":\"WebPage\",\"@id\":\"https:\\\/\\\/blackvue-nordics.com\\\/da\\\/fortrolighedserklaering\\\/\",\"url\":\"https:\\\/\\\/blackvue-nordics.com\\\/da\\\/fortrolighedserklaering\\\/\",\"name\":\"Fortrolighedserkl\u00e6ring - BlackVue-Nordics\",\"isPartOf\":{\"@id\":\"https:\\\/\\\/blackvue-nordics.com\\\/da\\\/#website\"},\"datePublished\":\"2024-11-01T13:03:23+00:00\",\"dateModified\":\"2024-11-01T13:12:27+00:00\",\"breadcrumb\":{\"@id\":\"https:\\\/\\\/blackvue-nordics.com\\\/da\\\/fortrolighedserklaering\\\/#breadcrumb\"},\"inLanguage\":\"da-DK\",\"potentialAction\":[{\"@type\":\"ReadAction\",\"target\":[\"https:\\\/\\\/blackvue-nordics.com\\\/da\\\/fortrolighedserklaering\\\/\"]}]},{\"@type\":\"BreadcrumbList\",\"@id\":\"https:\\\/\\\/blackvue-nordics.com\\\/da\\\/fortrolighedserklaering\\\/#breadcrumb\",\"itemListElement\":[{\"@type\":\"ListItem\",\"position\":1,\"name\":\"Home\",\"item\":\"https:\\\/\\\/blackvue-nordics.com\\\/da\\\/\"},{\"@type\":\"ListItem\",\"position\":2,\"name\":\"Fortrolighedserkl\u00e6ring\"}]},{\"@type\":\"WebSite\",\"@id\":\"https:\\\/\\\/blackvue-nordics.com\\\/da\\\/#website\",\"url\":\"https:\\\/\\\/blackvue-nordics.com\\\/da\\\/\",\"name\":\"BlackVue-Nordics\",\"description\":\"Official BlackVue Dashcam website\",\"publisher\":{\"@id\":\"https:\\\/\\\/blackvue-nordics.com\\\/da\\\/#organization\"},\"potentialAction\":[{\"@type\":\"SearchAction\",\"target\":{\"@type\":\"EntryPoint\",\"urlTemplate\":\"https:\\\/\\\/blackvue-nordics.com\\\/da\\\/?s={search_term_string}\"},\"query-input\":{\"@type\":\"PropertyValueSpecification\",\"valueRequired\":true,\"valueName\":\"search_term_string\"}}],\"inLanguage\":\"da-DK\"},{\"@type\":\"Organization\",\"@id\":\"https:\\\/\\\/blackvue-nordics.com\\\/da\\\/#organization\",\"name\":\"BlackVue-Nordics\",\"url\":\"https:\\\/\\\/blackvue-nordics.com\\\/da\\\/\",\"logo\":{\"@type\":\"ImageObject\",\"inLanguage\":\"da-DK\",\"@id\":\"https:\\\/\\\/blackvue-nordics.com\\\/da\\\/#\\\/schema\\\/logo\\\/image\\\/\",\"url\":\"https:\\\/\\\/blackvue-nordics.com\\\/wp-content\\\/uploads\\\/2024\\\/08\\\/BlackVue-Nordics-Logo.webp\",\"contentUrl\":\"https:\\\/\\\/blackvue-nordics.com\\\/wp-content\\\/uploads\\\/2024\\\/08\\\/BlackVue-Nordics-Logo.webp\",\"width\":849,\"height\":164,\"caption\":\"BlackVue-Nordics\"},\"image\":{\"@id\":\"https:\\\/\\\/blackvue-nordics.com\\\/da\\\/#\\\/schema\\\/logo\\\/image\\\/\"}}]}<\/script>\n<!-- \/ Yoast SEO Premium plugin. -->","yoast_head_json":{"title":"Fortrolighedserkl\u00e6ring - BlackVue-Nordics","robots":{"index":"noindex","follow":"follow"},"og_locale":"da_DK","og_type":"article","og_title":"Fortrolighedserkl\u00e6ring","og_description":"BlackVue-Nordics er en del af TJM Supplies B.V. TJM Supplies B.V. er ansvarlig for behandlingen af \u200b\u200bpersonoplysninger som vist i denne fortrolighedserkl\u00e6ring. Kontaktoplysninger: www.tjmsupplies.nl TJM Supplies B.V. Zompstraat 8 8102HX Raalte Holland +31 085-0402973 info@tjmsupplies.nl Personoplysninger, som vi behandler TJM Supplies B.V. behandler dine personoplysninger, fordi du bruger vores tjenester og\/eller fordi du selv giver [&hellip;]","og_url":"https:\/\/blackvue-nordics.com\/da\/fortrolighedserklaering\/","og_site_name":"BlackVue-Nordics","article_modified_time":"2024-11-01T13:12:27+00:00","twitter_card":"summary_large_image","twitter_misc":{"Estimeret l\u00e6setid":"4 minutter"},"schema":{"@context":"https:\/\/schema.org","@graph":[{"@type":"WebPage","@id":"https:\/\/blackvue-nordics.com\/da\/fortrolighedserklaering\/","url":"https:\/\/blackvue-nordics.com\/da\/fortrolighedserklaering\/","name":"Fortrolighedserkl\u00e6ring - BlackVue-Nordics","isPartOf":{"@id":"https:\/\/blackvue-nordics.com\/da\/#website"},"datePublished":"2024-11-01T13:03:23+00:00","dateModified":"2024-11-01T13:12:27+00:00","breadcrumb":{"@id":"https:\/\/blackvue-nordics.com\/da\/fortrolighedserklaering\/#breadcrumb"},"inLanguage":"da-DK","potentialAction":[{"@type":"ReadAction","target":["https:\/\/blackvue-nordics.com\/da\/fortrolighedserklaering\/"]}]},{"@type":"BreadcrumbList","@id":"https:\/\/blackvue-nordics.com\/da\/fortrolighedserklaering\/#breadcrumb","itemListElement":[{"@type":"ListItem","position":1,"name":"Home","item":"https:\/\/blackvue-nordics.com\/da\/"},{"@type":"ListItem","position":2,"name":"Fortrolighedserkl\u00e6ring"}]},{"@type":"WebSite","@id":"https:\/\/blackvue-nordics.com\/da\/#website","url":"https:\/\/blackvue-nordics.com\/da\/","name":"BlackVue-Nordics","description":"Official BlackVue Dashcam website","publisher":{"@id":"https:\/\/blackvue-nordics.com\/da\/#organization"},"potentialAction":[{"@type":"SearchAction","target":{"@type":"EntryPoint","urlTemplate":"https:\/\/blackvue-nordics.com\/da\/?s={search_term_string}"},"query-input":{"@type":"PropertyValueSpecification","valueRequired":true,"valueName":"search_term_string"}}],"inLanguage":"da-DK"},{"@type":"Organization","@id":"https:\/\/blackvue-nordics.com\/da\/#organization","name":"BlackVue-Nordics","url":"https:\/\/blackvue-nordics.com\/da\/","logo":{"@type":"ImageObject","inLanguage":"da-DK","@id":"https:\/\/blackvue-nordics.com\/da\/#\/schema\/logo\/image\/","url":"https:\/\/blackvue-nordics.com\/wp-content\/uploads\/2024\/08\/BlackVue-Nordics-Logo.webp","contentUrl":"https:\/\/blackvue-nordics.com\/wp-content\/uploads\/2024\/08\/BlackVue-Nordics-Logo.webp","width":849,"height":164,"caption":"BlackVue-Nordics"},"image":{"@id":"https:\/\/blackvue-nordics.com\/da\/#\/schema\/logo\/image\/"}}]}},"_links":{"self":[{"href":"https:\/\/blackvue-nordics.com\/da\/wp-json\/wp\/v2\/pages\/4543","targetHints":{"allow":["GET"]}}],"collection":[{"href":"https:\/\/blackvue-nordics.com\/da\/wp-json\/wp\/v2\/pages"}],"about":[{"href":"https:\/\/blackvue-nordics.com\/da\/wp-json\/wp\/v2\/types\/page"}],"author":[{"embeddable":true,"href":"https:\/\/blackvue-nordics.com\/da\/wp-json\/wp\/v2\/users\/1"}],"replies":[{"embeddable":true,"href":"https:\/\/blackvue-nordics.com\/da\/wp-json\/wp\/v2\/comments?post=4543"}],"version-history":[{"count":2,"href":"https:\/\/blackvue-nordics.com\/da\/wp-json\/wp\/v2\/pages\/4543\/revisions"}],"predecessor-version":[{"id":4545,"href":"https:\/\/blackvue-nordics.com\/da\/wp-json\/wp\/v2\/pages\/4543\/revisions\/4545"}],"wp:attachment":[{"href":"https:\/\/blackvue-nordics.com\/da\/wp-json\/wp\/v2\/media?parent=4543"}],"curies":[{"name":"wp","href":"https:\/\/api.w.org\/{rel}","templated":true}]}}