{"id":3000,"date":"2024-09-27T11:39:28","date_gmt":"2024-09-27T09:39:28","guid":{"rendered":"https:\/\/blackvue-nordics.com\/product\/tamper-proof-case\/"},"modified":"2024-10-28T15:04:13","modified_gmt":"2024-10-28T14:04:13","slug":"manipulationssikker-etui","status":"publish","type":"product","link":"https:\/\/blackvue-nordics.com\/da\/product\/manipulationssikker-etui\/","title":{"rendered":"BlackVue manipulationssikker etui"},"content":{"rendered":"<div class=\"wpb-content-wrapper\"><p>[vc_row full_width=&#8221;stretch_row&#8221; css=&#8221;.vc_custom_1727430490887{background-color: #f4f4f4 !important;}&#8221;][vc_column][vc_empty_space][vc_column_text css=&#8221;&#8221;]<\/p>\n<h3 style=\"text-align: center;\">N\u00f8glefunktioner<\/h3>\n<p style=\"text-align: center;\">Indgrebssikkert beskyttelsesd\u00e6ksel \u2022 Beskytter hukommelseskortet og tilslutningerne<\/p>\n<p>[\/vc_column_text][vc_empty_space][\/vc_column][\/vc_row][vc_row full_width=&#8221;stretch_row&#8221; content_placement=&#8221;middle&#8221; css=&#8221;.vc_custom_1727428161609{padding-top: 15px !important;padding-right: 15px !important;padding-bottom: 15px !important;padding-left: 15px !important;}&#8221;][vc_column width=&#8221;1\/12&#8243;][\/vc_column][vc_column width=&#8221;1\/3&#8243; offset=&#8221;vc_hidden-xs&#8221;][vc_column_text css=&#8221;&#8221;]<\/p>\n<h3 class=\"elementor-heading-title elementor-size-default\">Hvad er den manipulationssikrede sag?<\/h3>\n<p>BlackVue Tamper-Proof Case er et sikkerhedstilbeh\u00f8r til BlackVue dashcams. Etuiet blokerer fysisk adgang til micro SD-kortet og forhindrer str\u00f8m- og koaksialkabler i at blive afbrudt. Dette reducerer i h\u00f8j grad risikoen for datamanipulation. Det begr\u00e6nser ogs\u00e5 rotationsvinklen af \u200b\u200bdashcam i dets holder, s\u00e5 kameraet altid peger mod vejen og ikke kan justeres. To versioner er tilg\u00e6ngelige for at tilpasse til forskellige typer vinduer.[\/vc_column_text][\/vc_column][vc_column width=&#8221;7\/12&#8243; offset=&#8221;vc_hidden-xs&#8221;][vc_single_image image=&#8221;1813&#8243; img_size=&#8221;large&#8221; alignment=&#8221;center&#8221; css=&#8221;&#8221;][\/vc_column][vc_column][vc_empty_space][\/vc_column][\/vc_row][vc_row full_width=&#8221;stretch_row_content&#8221; content_placement=&#8221;middle&#8221; css=&#8221;.vc_custom_1727432340391{margin-right: 25px !important;margin-left: 25px !important;}&#8221;][vc_column offset=&#8221;vc_hidden-lg vc_hidden-md vc_hidden-sm&#8221;][vc_column_text css=&#8221;&#8221;]<\/p>\n<h3 class=\"elementor-heading-title elementor-size-default\">Hvad er den manipulationssikrede sag?<\/h3>\n<p>BlackVue Tamper-Proof Case er et sikkerhedstilbeh\u00f8r til BlackVue dashcams. Etuiet blokerer fysisk adgang til micro SD-kortet og forhindrer str\u00f8m- og koaksialkabler i at blive afbrudt. Dette reducerer i h\u00f8j grad risikoen for datamanipulation. Det begr\u00e6nser ogs\u00e5 rotationsvinklen af \u200b\u200bdashcam i dets holder, s\u00e5 kameraet altid peger mod vejen og ikke kan justeres. To versioner er tilg\u00e6ngelige for at tilpasse til forskellige typer vinduer.[\/vc_column_text][vc_single_image image=&#8221;1813&#8243; img_size=&#8221;large&#8221; alignment=&#8221;center&#8221; css=&#8221;&#8221;][vc_empty_space height=&#8221;20px&#8221;][\/vc_column][\/vc_row][vc_row full_width=&#8221;stretch_row&#8221; content_placement=&#8221;middle&#8221; css=&#8221;.vc_custom_1727428161609{padding-top: 15px !important;padding-right: 15px !important;padding-bottom: 15px !important;padding-left: 15px !important;}&#8221;][vc_column width=&#8221;7\/12&#8243; offset=&#8221;vc_hidden-xs&#8221;][vc_single_image image=&#8221;3788&#8243; img_size=&#8221;large&#8221; alignment=&#8221;center&#8221; css=&#8221;&#8221;][\/vc_column][vc_column width=&#8221;1\/3&#8243;][vc_column_text css=&#8221;&#8221;]<\/p>\n<h3 class=\"elementor-heading-title elementor-size-default\">BTC-1C<\/h3>\n<h3>Velegnet til modeller i DR970X- og DR770X-serien.<\/h3>\n<p>Til alle typer forruder (sedan, bus, lastbil etc.) med en vandret forrudevinkel p\u00e5 5\u00b0 &#8211; 90\u00b0 grader.<br \/>\nDrejel\u00e5s via sekskantskrue.<\/p>\n<p><strong>Bem\u00e6rk venligst:<\/strong> dette manipulationssikre etui erstatter dashcam-holderen.<\/p>\n<h4>Kompatible modeller<\/h4>\n<p><strong>DR970X-serien:<\/strong> DR970X-1CH, DR970X-2CH, DR970X-2CH IR<\/p>\n<p><strong>DR770X-serien:<\/strong> DR770X-1CH, DR770X-2CH, DR770x-2CH IR, DR770X-2CH Truck[\/vc_column_text][\/vc_column][vc_column width=&#8221;1\/12&#8243;][\/vc_column][vc_column][vc_empty_space][\/vc_column][\/vc_row][vc_row full_width=&#8221;stretch_row_content&#8221; content_placement=&#8221;middle&#8221; css=&#8221;.vc_custom_1727432358563{margin-right: 25px !important;margin-left: 25px !important;}&#8221;][vc_column offset=&#8221;vc_hidden-lg vc_hidden-md vc_hidden-sm&#8221;][vc_column_text css=&#8221;&#8221;]<\/p>\n<h3 class=\"elementor-heading-title elementor-size-default\">BTC-1C<\/h3>\n<h3>Velegnet til modeller i DR970X- og DR770X-serien.<\/h3>\n<p>Til alle typer forruder (sedan, bus, lastbil etc.) med en vandret forrudevinkel p\u00e5 5\u00b0 &#8211; 90\u00b0 grader.<br \/>\nDrejel\u00e5s via sekskantskrue.<\/p>\n<p><strong>Bem\u00e6rk venligst:<\/strong> dette manipulationssikre etui erstatter dashcam-holderen.<\/p>\n<h4>Kompatible modeller<\/h4>\n<p><strong>DR970X-serien:<\/strong> DR970X-1CH, DR970X-2CH, DR970X-2CH IR<\/p>\n<p><strong>DR770X-serien:<\/strong> DR770X-1CH, DR770X-2CH, DR770x-2CH IR, DR770X-2CH Truck[\/vc_column_text][vc_single_image image=&#8221;3788&#8243; img_size=&#8221;large&#8221; alignment=&#8221;center&#8221; css=&#8221;&#8221;][vc_empty_space height=&#8221;20px&#8221;][\/vc_column][\/vc_row][vc_row full_width=&#8221;stretch_row&#8221; content_placement=&#8221;middle&#8221; css=&#8221;.vc_custom_1727428161609{padding-top: 15px !important;padding-right: 15px !important;padding-bottom: 15px !important;padding-left: 15px !important;}&#8221;][vc_column width=&#8221;1\/12&#8243;][\/vc_column][vc_column width=&#8221;1\/3&#8243; offset=&#8221;vc_hidden-xs&#8221;][vc_column_text css=&#8221;&#8221;]<\/p>\n<h3 class=\"elementor-heading-title elementor-size-default\">BTC-3A<\/h3>\n<h4>Til DR770X-2CH LTE &amp; DR970X-2CH LTE<\/h4>\n<p>Designet til BlackVue DR770-2CH LTE og DR970X-2CH LTE og er velegnet til alle typer forruder med en vandret forrudevinkel p\u00e5 5\u00b0 &#8211; 90\u00b0 grader.<\/p>\n<p><strong>Bem\u00e6rk venligst:<\/strong> dette manipulationssikre hus erstatter dashcam-beslaget.<\/p>\n<h4>Kompatible modeller<\/h4>\n<ul>\n<li>DR770X-2CH LTE<\/li>\n<li>DR770X-2CH IR LTE<\/li>\n<li>DR970X-2CH LTE<\/li>\n<\/ul>\n<p>[\/vc_column_text][\/vc_column][vc_column width=&#8221;7\/12&#8243;][vc_single_image image=&#8221;3803&#8243; img_size=&#8221;large&#8221; alignment=&#8221;center&#8221; css=&#8221;&#8221;][\/vc_column][vc_column][vc_empty_space][\/vc_column][\/vc_row][vc_row full_width=&#8221;stretch_row_content&#8221; content_placement=&#8221;middle&#8221; css=&#8221;.vc_custom_1727432385967{margin-right: 25px !important;margin-left: 25px !important;}&#8221;][vc_column offset=&#8221;vc_hidden-lg vc_hidden-md vc_hidden-sm&#8221;][vc_column_text css=&#8221;&#8221;]<\/p>\n<h3 class=\"elementor-heading-title elementor-size-default\">BTC-3A<\/h3>\n<h4>Til DR770X-2CH LTE &amp; DR970X-2CH LTE<\/h4>\n<p>Designet til BlackVue DR770-2CH LTE og DR970X-2CH LTE og er velegnet til alle typer forruder med en vandret forrudevinkel p\u00e5 5\u00b0 &#8211; 90\u00b0 grader.<\/p>\n<p><strong>Bem\u00e6rk venligst:<\/strong> dette manipulationssikre hus erstatter dashcam-beslaget.<\/p>\n<h4>Kompatible modeller<\/h4>\n<ul>\n<li>DR770X-2CH LTE<\/li>\n<li>DR770X-2CH IR LTE<\/li>\n<li>DR970X-2CH LTE<\/li>\n<\/ul>\n<p>[\/vc_column_text][vc_single_image image=&#8221;3803&#8243; img_size=&#8221;large&#8221; alignment=&#8221;center&#8221; css=&#8221;&#8221;][vc_empty_space height=&#8221;20px&#8221;][\/vc_column][\/vc_row]<\/p>\n<\/div>","protected":false},"excerpt":{"rendered":"<p>Dette beskyttende cover beskytter dit microSD-kort og tilslutninger af str\u00f8mkablet og bagkameraet.<br \/>\nDette g\u00f8r kameraet godt beskyttet.<\/p>\n","protected":false},"featured_media":1808,"template":"","meta":[],"product_brand":[],"product_cat":[99],"product_tag":[],"class_list":{"0":"post-3000","1":"product","2":"type-product","3":"status-publish","4":"has-post-thumbnail","6":"product_cat-tilbehoer","8":"first","9":"instock","10":"shipping-taxable","11":"product-type-variable"},"yoast_head":"<!-- This site is optimized with the Yoast SEO Premium plugin v23.6 (Yoast SEO v27.3) - https:\/\/yoast.com\/product\/yoast-seo-premium-wordpress\/ -->\n<title>BlackVue manipulationssikker etui - BlackVue-Nordics<\/title>\n<meta name=\"description\" content=\"Dette beskyttelsescover beskytter dit microSD-kort og tilslutninger af str\u00f8mkablet og bagkameraet. Dette g\u00f8r kameraet godt beskyttet.\" \/>\n<meta name=\"robots\" content=\"index, follow, max-snippet:-1, max-image-preview:large, max-video-preview:-1\" \/>\n<link rel=\"canonical\" href=\"https:\/\/blackvue-nordics.com\/da\/product\/manipulationssikker-etui\/\" \/>\n<meta property=\"og:locale\" content=\"da_DK\" \/>\n<meta property=\"og:type\" content=\"article\" \/>\n<meta property=\"og:title\" content=\"BlackVue manipulationssikker etui\" \/>\n<meta property=\"og:description\" content=\"Dette beskyttelsescover beskytter dit microSD-kort og tilslutninger af str\u00f8mkablet og bagkameraet. Dette g\u00f8r kameraet godt beskyttet.\" \/>\n<meta property=\"og:url\" content=\"https:\/\/blackvue-nordics.com\/da\/product\/manipulationssikker-etui\/\" \/>\n<meta property=\"og:site_name\" content=\"BlackVue-Nordics\" \/>\n<meta property=\"article:modified_time\" content=\"2024-10-28T14:04:13+00:00\" \/>\n<meta property=\"og:image\" content=\"https:\/\/blackvue-nordics.com\/wp-content\/uploads\/2024\/09\/BlackVue-Tamper-Proof-Case-BTC-1C.webp\" \/>\n\t<meta property=\"og:image:width\" content=\"1536\" \/>\n\t<meta property=\"og:image:height\" content=\"1536\" \/>\n\t<meta property=\"og:image:type\" content=\"image\/webp\" \/>\n<meta name=\"twitter:card\" content=\"summary_large_image\" \/>\n<meta name=\"twitter:label1\" content=\"Estimeret l\u00e6setid\" \/>\n\t<meta name=\"twitter:data1\" content=\"4 minutter\" \/>\n<script type=\"application\/ld+json\" class=\"yoast-schema-graph\">{\"@context\":\"https:\\\/\\\/schema.org\",\"@graph\":[{\"@type\":\"WebPage\",\"@id\":\"https:\\\/\\\/blackvue-nordics.com\\\/da\\\/product\\\/manipulationssikker-etui\\\/\",\"url\":\"https:\\\/\\\/blackvue-nordics.com\\\/da\\\/product\\\/manipulationssikker-etui\\\/\",\"name\":\"BlackVue manipulationssikker etui - BlackVue-Nordics\",\"isPartOf\":{\"@id\":\"https:\\\/\\\/blackvue-nordics.com\\\/da\\\/#website\"},\"primaryImageOfPage\":{\"@id\":\"https:\\\/\\\/blackvue-nordics.com\\\/da\\\/product\\\/manipulationssikker-etui\\\/#primaryimage\"},\"image\":{\"@id\":\"https:\\\/\\\/blackvue-nordics.com\\\/da\\\/product\\\/manipulationssikker-etui\\\/#primaryimage\"},\"thumbnailUrl\":\"https:\\\/\\\/blackvue-nordics.com\\\/wp-content\\\/uploads\\\/2024\\\/09\\\/BlackVue-Tamper-Proof-Case-BTC-1C.webp\",\"datePublished\":\"2024-09-27T09:39:28+00:00\",\"dateModified\":\"2024-10-28T14:04:13+00:00\",\"description\":\"Dette beskyttelsescover beskytter dit microSD-kort og tilslutninger af str\u00f8mkablet og bagkameraet. Dette g\u00f8r kameraet godt beskyttet.\",\"breadcrumb\":{\"@id\":\"https:\\\/\\\/blackvue-nordics.com\\\/da\\\/product\\\/manipulationssikker-etui\\\/#breadcrumb\"},\"inLanguage\":\"da-DK\",\"potentialAction\":[{\"@type\":\"ReadAction\",\"target\":[\"https:\\\/\\\/blackvue-nordics.com\\\/da\\\/product\\\/manipulationssikker-etui\\\/\"]}]},{\"@type\":\"ImageObject\",\"inLanguage\":\"da-DK\",\"@id\":\"https:\\\/\\\/blackvue-nordics.com\\\/da\\\/product\\\/manipulationssikker-etui\\\/#primaryimage\",\"url\":\"https:\\\/\\\/blackvue-nordics.com\\\/wp-content\\\/uploads\\\/2024\\\/09\\\/BlackVue-Tamper-Proof-Case-BTC-1C.webp\",\"contentUrl\":\"https:\\\/\\\/blackvue-nordics.com\\\/wp-content\\\/uploads\\\/2024\\\/09\\\/BlackVue-Tamper-Proof-Case-BTC-1C.webp\",\"width\":1536,\"height\":1536,\"caption\":\"BlackVue-Tamper-Proof-Case-BTC-1C\"},{\"@type\":\"BreadcrumbList\",\"@id\":\"https:\\\/\\\/blackvue-nordics.com\\\/da\\\/product\\\/manipulationssikker-etui\\\/#breadcrumb\",\"itemListElement\":[{\"@type\":\"ListItem\",\"position\":1,\"name\":\"Home\",\"item\":\"https:\\\/\\\/blackvue-nordics.com\\\/da\\\/\"},{\"@type\":\"ListItem\",\"position\":2,\"name\":\"Shop\",\"item\":\"https:\\\/\\\/blackvue-nordics.com\\\/da\\\/shop\\\/\"},{\"@type\":\"ListItem\",\"position\":3,\"name\":\"BlackVue manipulationssikker etui\"}]},{\"@type\":\"WebSite\",\"@id\":\"https:\\\/\\\/blackvue-nordics.com\\\/da\\\/#website\",\"url\":\"https:\\\/\\\/blackvue-nordics.com\\\/da\\\/\",\"name\":\"BlackVue-Nordics\",\"description\":\"Official BlackVue Dashcam website\",\"publisher\":{\"@id\":\"https:\\\/\\\/blackvue-nordics.com\\\/da\\\/#organization\"},\"potentialAction\":[{\"@type\":\"SearchAction\",\"target\":{\"@type\":\"EntryPoint\",\"urlTemplate\":\"https:\\\/\\\/blackvue-nordics.com\\\/da\\\/?s={search_term_string}\"},\"query-input\":{\"@type\":\"PropertyValueSpecification\",\"valueRequired\":true,\"valueName\":\"search_term_string\"}}],\"inLanguage\":\"da-DK\"},{\"@type\":\"Organization\",\"@id\":\"https:\\\/\\\/blackvue-nordics.com\\\/da\\\/#organization\",\"name\":\"BlackVue-Nordics\",\"url\":\"https:\\\/\\\/blackvue-nordics.com\\\/da\\\/\",\"logo\":{\"@type\":\"ImageObject\",\"inLanguage\":\"da-DK\",\"@id\":\"https:\\\/\\\/blackvue-nordics.com\\\/da\\\/#\\\/schema\\\/logo\\\/image\\\/\",\"url\":\"https:\\\/\\\/blackvue-nordics.com\\\/wp-content\\\/uploads\\\/2024\\\/08\\\/BlackVue-Nordics-Logo.webp\",\"contentUrl\":\"https:\\\/\\\/blackvue-nordics.com\\\/wp-content\\\/uploads\\\/2024\\\/08\\\/BlackVue-Nordics-Logo.webp\",\"width\":849,\"height\":164,\"caption\":\"BlackVue-Nordics\"},\"image\":{\"@id\":\"https:\\\/\\\/blackvue-nordics.com\\\/da\\\/#\\\/schema\\\/logo\\\/image\\\/\"}}]}<\/script>\n<!-- \/ Yoast SEO Premium plugin. -->","yoast_head_json":{"title":"BlackVue manipulationssikker etui - BlackVue-Nordics","description":"Dette beskyttelsescover beskytter dit microSD-kort og tilslutninger af str\u00f8mkablet og bagkameraet. Dette g\u00f8r kameraet godt beskyttet.","robots":{"index":"index","follow":"follow","max-snippet":"max-snippet:-1","max-image-preview":"max-image-preview:large","max-video-preview":"max-video-preview:-1"},"canonical":"https:\/\/blackvue-nordics.com\/da\/product\/manipulationssikker-etui\/","og_locale":"da_DK","og_type":"article","og_title":"BlackVue manipulationssikker etui","og_description":"Dette beskyttelsescover beskytter dit microSD-kort og tilslutninger af str\u00f8mkablet og bagkameraet. Dette g\u00f8r kameraet godt beskyttet.","og_url":"https:\/\/blackvue-nordics.com\/da\/product\/manipulationssikker-etui\/","og_site_name":"BlackVue-Nordics","article_modified_time":"2024-10-28T14:04:13+00:00","og_image":[{"width":1536,"height":1536,"url":"https:\/\/blackvue-nordics.com\/wp-content\/uploads\/2024\/09\/BlackVue-Tamper-Proof-Case-BTC-1C.webp","type":"image\/webp"}],"twitter_card":"summary_large_image","twitter_misc":{"Estimeret l\u00e6setid":"4 minutter"},"schema":{"@context":"https:\/\/schema.org","@graph":[{"@type":"WebPage","@id":"https:\/\/blackvue-nordics.com\/da\/product\/manipulationssikker-etui\/","url":"https:\/\/blackvue-nordics.com\/da\/product\/manipulationssikker-etui\/","name":"BlackVue manipulationssikker etui - BlackVue-Nordics","isPartOf":{"@id":"https:\/\/blackvue-nordics.com\/da\/#website"},"primaryImageOfPage":{"@id":"https:\/\/blackvue-nordics.com\/da\/product\/manipulationssikker-etui\/#primaryimage"},"image":{"@id":"https:\/\/blackvue-nordics.com\/da\/product\/manipulationssikker-etui\/#primaryimage"},"thumbnailUrl":"https:\/\/blackvue-nordics.com\/wp-content\/uploads\/2024\/09\/BlackVue-Tamper-Proof-Case-BTC-1C.webp","datePublished":"2024-09-27T09:39:28+00:00","dateModified":"2024-10-28T14:04:13+00:00","description":"Dette beskyttelsescover beskytter dit microSD-kort og tilslutninger af str\u00f8mkablet og bagkameraet. Dette g\u00f8r kameraet godt beskyttet.","breadcrumb":{"@id":"https:\/\/blackvue-nordics.com\/da\/product\/manipulationssikker-etui\/#breadcrumb"},"inLanguage":"da-DK","potentialAction":[{"@type":"ReadAction","target":["https:\/\/blackvue-nordics.com\/da\/product\/manipulationssikker-etui\/"]}]},{"@type":"ImageObject","inLanguage":"da-DK","@id":"https:\/\/blackvue-nordics.com\/da\/product\/manipulationssikker-etui\/#primaryimage","url":"https:\/\/blackvue-nordics.com\/wp-content\/uploads\/2024\/09\/BlackVue-Tamper-Proof-Case-BTC-1C.webp","contentUrl":"https:\/\/blackvue-nordics.com\/wp-content\/uploads\/2024\/09\/BlackVue-Tamper-Proof-Case-BTC-1C.webp","width":1536,"height":1536,"caption":"BlackVue-Tamper-Proof-Case-BTC-1C"},{"@type":"BreadcrumbList","@id":"https:\/\/blackvue-nordics.com\/da\/product\/manipulationssikker-etui\/#breadcrumb","itemListElement":[{"@type":"ListItem","position":1,"name":"Home","item":"https:\/\/blackvue-nordics.com\/da\/"},{"@type":"ListItem","position":2,"name":"Shop","item":"https:\/\/blackvue-nordics.com\/da\/shop\/"},{"@type":"ListItem","position":3,"name":"BlackVue manipulationssikker etui"}]},{"@type":"WebSite","@id":"https:\/\/blackvue-nordics.com\/da\/#website","url":"https:\/\/blackvue-nordics.com\/da\/","name":"BlackVue-Nordics","description":"Official BlackVue Dashcam website","publisher":{"@id":"https:\/\/blackvue-nordics.com\/da\/#organization"},"potentialAction":[{"@type":"SearchAction","target":{"@type":"EntryPoint","urlTemplate":"https:\/\/blackvue-nordics.com\/da\/?s={search_term_string}"},"query-input":{"@type":"PropertyValueSpecification","valueRequired":true,"valueName":"search_term_string"}}],"inLanguage":"da-DK"},{"@type":"Organization","@id":"https:\/\/blackvue-nordics.com\/da\/#organization","name":"BlackVue-Nordics","url":"https:\/\/blackvue-nordics.com\/da\/","logo":{"@type":"ImageObject","inLanguage":"da-DK","@id":"https:\/\/blackvue-nordics.com\/da\/#\/schema\/logo\/image\/","url":"https:\/\/blackvue-nordics.com\/wp-content\/uploads\/2024\/08\/BlackVue-Nordics-Logo.webp","contentUrl":"https:\/\/blackvue-nordics.com\/wp-content\/uploads\/2024\/08\/BlackVue-Nordics-Logo.webp","width":849,"height":164,"caption":"BlackVue-Nordics"},"image":{"@id":"https:\/\/blackvue-nordics.com\/da\/#\/schema\/logo\/image\/"}}]}},"_links":{"self":[{"href":"https:\/\/blackvue-nordics.com\/da\/wp-json\/wp\/v2\/product\/3000","targetHints":{"allow":["GET"]}}],"collection":[{"href":"https:\/\/blackvue-nordics.com\/da\/wp-json\/wp\/v2\/product"}],"about":[{"href":"https:\/\/blackvue-nordics.com\/da\/wp-json\/wp\/v2\/types\/product"}],"wp:featuredmedia":[{"embeddable":true,"href":"https:\/\/blackvue-nordics.com\/da\/wp-json\/wp\/v2\/media\/1808"}],"wp:attachment":[{"href":"https:\/\/blackvue-nordics.com\/da\/wp-json\/wp\/v2\/media?parent=3000"}],"wp:term":[{"taxonomy":"product_brand","embeddable":true,"href":"https:\/\/blackvue-nordics.com\/da\/wp-json\/wp\/v2\/product_brand?post=3000"},{"taxonomy":"product_cat","embeddable":true,"href":"https:\/\/blackvue-nordics.com\/da\/wp-json\/wp\/v2\/product_cat?post=3000"},{"taxonomy":"product_tag","embeddable":true,"href":"https:\/\/blackvue-nordics.com\/da\/wp-json\/wp\/v2\/product_tag?post=3000"}],"curies":[{"name":"wp","href":"https:\/\/api.w.org\/{rel}","templated":true}]}}