{"id":1260,"date":"2024-09-11T11:40:06","date_gmt":"2024-09-11T09:40:06","guid":{"rendered":"https:\/\/blackvue-nordics.com\/contact\/"},"modified":"2026-01-05T13:51:19","modified_gmt":"2026-01-05T12:51:19","slug":"ota-yhteytta","status":"publish","type":"page","link":"https:\/\/blackvue-nordics.com\/fi\/ota-yhteytta\/","title":{"rendered":"Ota yhteytt\u00e4"},"content":{"rendered":"<div class=\"wpb-content-wrapper\"><p>[vc_row][vc_column][vc_empty_space][\/vc_column][vc_column width=&#8221;1\/3&#8243;][vc_icon icon_fontawesome=&#8221;far fa-envelope&#8221; color=&#8221;sky&#8221; size=&#8221;xl&#8221; align=&#8221;center&#8221; css=&#8221;&#8221;][vc_column_text css=&#8221;&#8221;]<\/p>\n<h3 style=\"text-align: center;\">S\u00e4hk\u00f6posti<\/h3>\n<p style=\"text-align: center;\"><strong>Asiakastiedustelut<\/strong><br \/>\ncs@pittasoft.com<\/p>\n<p style=\"text-align: center;\"><strong>Yritystiedustelut<\/strong><br \/>\ninfo@blackvue-nordics.com<\/p>\n<p>[\/vc_column_text][\/vc_column][vc_column width=&#8221;1\/3&#8243;][vc_icon icon_fontawesome=&#8221;fas fa-phone-alt&#8221; color=&#8221;sky&#8221; size=&#8221;xl&#8221; align=&#8221;center&#8221; css=&#8221;&#8221;][vc_column_text css=&#8221;&#8221;]<\/p>\n<h3 style=\"text-align: center;\">Puhelin<\/h3>\n<p class=\"p1\" style=\"text-align: center;\"><strong>Asiakastiedustelut<\/strong><br \/>\n+1 844 694-4469<\/p>\n<p style=\"text-align: center;\"><strong>Yritystiedustelut<\/strong><br \/>\n+31 85-0402973<\/p>\n<p>[\/vc_column_text][\/vc_column][vc_column width=&#8221;1\/3&#8243;][vc_icon icon_fontawesome=&#8221;fas fa-map-marker-alt&#8221; color=&#8221;sky&#8221; size=&#8221;xl&#8221; align=&#8221;center&#8221; css=&#8221;&#8221;][vc_column_text css=&#8221;&#8221;]<\/p>\n<h3 style=\"text-align: center;\">Osoite<\/h3>\n<p style=\"text-align: center;\">Zompstraat 8<br \/>\n8102HX Raalte<br \/>\nAlankomaat<\/p>\n<p>[\/vc_column_text][\/vc_column][\/vc_row][vc_row][vc_column][vc_column_text css=&#8221;&#8221;]<\/p>\n<h2 style=\"text-align: center;\">Tietoja BlackVue<\/h2>\n<p style=\"text-align: center;\">BlackVue on innovatiivinen dashcam-br\u00e4ndi, jolla on maailmanlaajuista tunnustusta. Ne tunnetaan luotettavimpina ja laadukkaimpina kojelautakamereina. Sis\u00e4\u00e4nrakennetut toiminnot, kuten 4K-tallennus, kaksitaajuuksinen Wi-Fi, pilvi, erinomainen ohjelmistotuki, ensiluokkaiset suunnittelut ja parhaat tekniset tiedot, ovat tehneet BlackVuen markkinajohtajaksi huippuluokan kojelautakameroissa.<\/p>\n<p style=\"text-align: center;\">BlackVue-Nordics (TJM Supplies B.V.) keskittyy BlackVue-kojekameroiden maahantuontiin ja jakeluun Benelux- ja Pohjoismaiden alueella.<\/p>\n<p>[\/vc_column_text][\/vc_column][\/vc_row]<\/p>\n<\/div>","protected":false},"excerpt":{"rendered":"<p>[vc_row][vc_column][vc_empty_space][\/vc_column][vc_column width=&#8221;1\/3&#8243;][vc_icon icon_fontawesome=&#8221;far fa-envelope&#8221; color=&#8221;sky&#8221; size=&#8221;xl&#8221; align=&#8221;center&#8221; css=&#8221;&#8221;][vc_column_text css=&#8221;&#8221;] S\u00e4hk\u00f6posti Asiakastiedustelut cs@pittasoft.com Yritystiedustelut info@blackvue-nordics.com [\/vc_column_text][\/vc_column][vc_column width=&#8221;1\/3&#8243;][vc_icon icon_fontawesome=&#8221;fas fa-phone-alt&#8221; color=&#8221;sky&#8221; size=&#8221;xl&#8221; align=&#8221;center&#8221; css=&#8221;&#8221;][vc_column_text css=&#8221;&#8221;] Puhelin Asiakastiedustelut +1 844 694-4469 Yritystiedustelut +31 85-0402973 [\/vc_column_text][\/vc_column][vc_column width=&#8221;1\/3&#8243;][vc_icon icon_fontawesome=&#8221;fas fa-map-marker-alt&#8221; color=&#8221;sky&#8221; size=&#8221;xl&#8221; align=&#8221;center&#8221; css=&#8221;&#8221;][vc_column_text css=&#8221;&#8221;] Osoite Zompstraat 8 8102HX Raalte Alankomaat [\/vc_column_text][\/vc_column][\/vc_row][vc_row][vc_column][vc_column_text css=&#8221;&#8221;] Tietoja BlackVue BlackVue on innovatiivinen dashcam-br\u00e4ndi, jolla [&hellip;]<\/p>\n","protected":false},"author":1,"featured_media":0,"parent":0,"menu_order":0,"comment_status":"closed","ping_status":"closed","template":"","meta":{"footnotes":""},"class_list":["post-1260","page","type-page","status-publish","hentry"],"yoast_head":"<!-- This site is optimized with the Yoast SEO Premium plugin v23.6 (Yoast SEO v27.3) - https:\/\/yoast.com\/product\/yoast-seo-premium-wordpress\/ -->\n<title>BlackVue Ota yhteytt\u00e4 - BlackVue-Nordics<\/title>\n<meta name=\"description\" content=\"Jos sinulla on kysytt\u00e4v\u00e4\u00e4, kommentteja ja\/tai yhteisty\u00f6t\u00e4, voit ottaa meihin yhteytt\u00e4 t\u00e4m\u00e4n sivun kautta osoitteessa BlackVue-Nordics.com.\" \/>\n<meta name=\"robots\" content=\"index, follow, max-snippet:-1, max-image-preview:large, max-video-preview:-1\" \/>\n<link rel=\"canonical\" href=\"https:\/\/blackvue-nordics.com\/fi\/ota-yhteytta\/\" \/>\n<meta property=\"og:locale\" content=\"fi_FI\" \/>\n<meta property=\"og:type\" content=\"article\" \/>\n<meta property=\"og:title\" content=\"Ota yhteytt\u00e4\" \/>\n<meta property=\"og:description\" content=\"Jos sinulla on kysytt\u00e4v\u00e4\u00e4, kommentteja ja\/tai yhteisty\u00f6t\u00e4, voit ottaa meihin yhteytt\u00e4 t\u00e4m\u00e4n sivun kautta osoitteessa BlackVue-Nordics.com.\" \/>\n<meta property=\"og:url\" content=\"https:\/\/blackvue-nordics.com\/fi\/ota-yhteytta\/\" \/>\n<meta property=\"og:site_name\" content=\"BlackVue-Nordics\" \/>\n<meta property=\"article:modified_time\" content=\"2026-01-05T12:51:19+00:00\" \/>\n<meta name=\"twitter:card\" content=\"summary_large_image\" \/>\n<meta name=\"twitter:label1\" content=\"Arvioitu lukuaika\" \/>\n\t<meta name=\"twitter:data1\" content=\"1 minuutti\" \/>\n<script type=\"application\/ld+json\" class=\"yoast-schema-graph\">{\"@context\":\"https:\\\/\\\/schema.org\",\"@graph\":[{\"@type\":\"WebPage\",\"@id\":\"https:\\\/\\\/blackvue-nordics.com\\\/fi\\\/ota-yhteytta\\\/\",\"url\":\"https:\\\/\\\/blackvue-nordics.com\\\/fi\\\/ota-yhteytta\\\/\",\"name\":\"BlackVue Ota yhteytt\u00e4 - BlackVue-Nordics\",\"isPartOf\":{\"@id\":\"https:\\\/\\\/blackvue-nordics.com\\\/fi\\\/#website\"},\"datePublished\":\"2024-09-11T09:40:06+00:00\",\"dateModified\":\"2026-01-05T12:51:19+00:00\",\"description\":\"Jos sinulla on kysytt\u00e4v\u00e4\u00e4, kommentteja ja\\\/tai yhteisty\u00f6t\u00e4, voit ottaa meihin yhteytt\u00e4 t\u00e4m\u00e4n sivun kautta osoitteessa BlackVue-Nordics.com.\",\"breadcrumb\":{\"@id\":\"https:\\\/\\\/blackvue-nordics.com\\\/fi\\\/ota-yhteytta\\\/#breadcrumb\"},\"inLanguage\":\"fi\",\"potentialAction\":[{\"@type\":\"ReadAction\",\"target\":[\"https:\\\/\\\/blackvue-nordics.com\\\/fi\\\/ota-yhteytta\\\/\"]}]},{\"@type\":\"BreadcrumbList\",\"@id\":\"https:\\\/\\\/blackvue-nordics.com\\\/fi\\\/ota-yhteytta\\\/#breadcrumb\",\"itemListElement\":[{\"@type\":\"ListItem\",\"position\":1,\"name\":\"Home\",\"item\":\"https:\\\/\\\/blackvue-nordics.com\\\/fi\\\/\"},{\"@type\":\"ListItem\",\"position\":2,\"name\":\"Ota yhteytt\u00e4\"}]},{\"@type\":\"WebSite\",\"@id\":\"https:\\\/\\\/blackvue-nordics.com\\\/fi\\\/#website\",\"url\":\"https:\\\/\\\/blackvue-nordics.com\\\/fi\\\/\",\"name\":\"BlackVue-Nordics\",\"description\":\"Official BlackVue Dashcam website\",\"publisher\":{\"@id\":\"https:\\\/\\\/blackvue-nordics.com\\\/fi\\\/#organization\"},\"potentialAction\":[{\"@type\":\"SearchAction\",\"target\":{\"@type\":\"EntryPoint\",\"urlTemplate\":\"https:\\\/\\\/blackvue-nordics.com\\\/fi\\\/?s={search_term_string}\"},\"query-input\":{\"@type\":\"PropertyValueSpecification\",\"valueRequired\":true,\"valueName\":\"search_term_string\"}}],\"inLanguage\":\"fi\"},{\"@type\":\"Organization\",\"@id\":\"https:\\\/\\\/blackvue-nordics.com\\\/fi\\\/#organization\",\"name\":\"BlackVue-Nordics\",\"url\":\"https:\\\/\\\/blackvue-nordics.com\\\/fi\\\/\",\"logo\":{\"@type\":\"ImageObject\",\"inLanguage\":\"fi\",\"@id\":\"https:\\\/\\\/blackvue-nordics.com\\\/fi\\\/#\\\/schema\\\/logo\\\/image\\\/\",\"url\":\"https:\\\/\\\/blackvue-nordics.com\\\/wp-content\\\/uploads\\\/2024\\\/08\\\/BlackVue-Nordics-Logo.webp\",\"contentUrl\":\"https:\\\/\\\/blackvue-nordics.com\\\/wp-content\\\/uploads\\\/2024\\\/08\\\/BlackVue-Nordics-Logo.webp\",\"width\":849,\"height\":164,\"caption\":\"BlackVue-Nordics\"},\"image\":{\"@id\":\"https:\\\/\\\/blackvue-nordics.com\\\/fi\\\/#\\\/schema\\\/logo\\\/image\\\/\"}}]}<\/script>\n<!-- \/ Yoast SEO Premium plugin. -->","yoast_head_json":{"title":"BlackVue Ota yhteytt\u00e4 - BlackVue-Nordics","description":"Jos sinulla on kysytt\u00e4v\u00e4\u00e4, kommentteja ja\/tai yhteisty\u00f6t\u00e4, voit ottaa meihin yhteytt\u00e4 t\u00e4m\u00e4n sivun kautta osoitteessa BlackVue-Nordics.com.","robots":{"index":"index","follow":"follow","max-snippet":"max-snippet:-1","max-image-preview":"max-image-preview:large","max-video-preview":"max-video-preview:-1"},"canonical":"https:\/\/blackvue-nordics.com\/fi\/ota-yhteytta\/","og_locale":"fi_FI","og_type":"article","og_title":"Ota yhteytt\u00e4","og_description":"Jos sinulla on kysytt\u00e4v\u00e4\u00e4, kommentteja ja\/tai yhteisty\u00f6t\u00e4, voit ottaa meihin yhteytt\u00e4 t\u00e4m\u00e4n sivun kautta osoitteessa BlackVue-Nordics.com.","og_url":"https:\/\/blackvue-nordics.com\/fi\/ota-yhteytta\/","og_site_name":"BlackVue-Nordics","article_modified_time":"2026-01-05T12:51:19+00:00","twitter_card":"summary_large_image","twitter_misc":{"Arvioitu lukuaika":"1 minuutti"},"schema":{"@context":"https:\/\/schema.org","@graph":[{"@type":"WebPage","@id":"https:\/\/blackvue-nordics.com\/fi\/ota-yhteytta\/","url":"https:\/\/blackvue-nordics.com\/fi\/ota-yhteytta\/","name":"BlackVue Ota yhteytt\u00e4 - BlackVue-Nordics","isPartOf":{"@id":"https:\/\/blackvue-nordics.com\/fi\/#website"},"datePublished":"2024-09-11T09:40:06+00:00","dateModified":"2026-01-05T12:51:19+00:00","description":"Jos sinulla on kysytt\u00e4v\u00e4\u00e4, kommentteja ja\/tai yhteisty\u00f6t\u00e4, voit ottaa meihin yhteytt\u00e4 t\u00e4m\u00e4n sivun kautta osoitteessa BlackVue-Nordics.com.","breadcrumb":{"@id":"https:\/\/blackvue-nordics.com\/fi\/ota-yhteytta\/#breadcrumb"},"inLanguage":"fi","potentialAction":[{"@type":"ReadAction","target":["https:\/\/blackvue-nordics.com\/fi\/ota-yhteytta\/"]}]},{"@type":"BreadcrumbList","@id":"https:\/\/blackvue-nordics.com\/fi\/ota-yhteytta\/#breadcrumb","itemListElement":[{"@type":"ListItem","position":1,"name":"Home","item":"https:\/\/blackvue-nordics.com\/fi\/"},{"@type":"ListItem","position":2,"name":"Ota yhteytt\u00e4"}]},{"@type":"WebSite","@id":"https:\/\/blackvue-nordics.com\/fi\/#website","url":"https:\/\/blackvue-nordics.com\/fi\/","name":"BlackVue-Nordics","description":"Official BlackVue Dashcam website","publisher":{"@id":"https:\/\/blackvue-nordics.com\/fi\/#organization"},"potentialAction":[{"@type":"SearchAction","target":{"@type":"EntryPoint","urlTemplate":"https:\/\/blackvue-nordics.com\/fi\/?s={search_term_string}"},"query-input":{"@type":"PropertyValueSpecification","valueRequired":true,"valueName":"search_term_string"}}],"inLanguage":"fi"},{"@type":"Organization","@id":"https:\/\/blackvue-nordics.com\/fi\/#organization","name":"BlackVue-Nordics","url":"https:\/\/blackvue-nordics.com\/fi\/","logo":{"@type":"ImageObject","inLanguage":"fi","@id":"https:\/\/blackvue-nordics.com\/fi\/#\/schema\/logo\/image\/","url":"https:\/\/blackvue-nordics.com\/wp-content\/uploads\/2024\/08\/BlackVue-Nordics-Logo.webp","contentUrl":"https:\/\/blackvue-nordics.com\/wp-content\/uploads\/2024\/08\/BlackVue-Nordics-Logo.webp","width":849,"height":164,"caption":"BlackVue-Nordics"},"image":{"@id":"https:\/\/blackvue-nordics.com\/fi\/#\/schema\/logo\/image\/"}}]}},"_links":{"self":[{"href":"https:\/\/blackvue-nordics.com\/fi\/wp-json\/wp\/v2\/pages\/1260","targetHints":{"allow":["GET"]}}],"collection":[{"href":"https:\/\/blackvue-nordics.com\/fi\/wp-json\/wp\/v2\/pages"}],"about":[{"href":"https:\/\/blackvue-nordics.com\/fi\/wp-json\/wp\/v2\/types\/page"}],"author":[{"embeddable":true,"href":"https:\/\/blackvue-nordics.com\/fi\/wp-json\/wp\/v2\/users\/1"}],"replies":[{"embeddable":true,"href":"https:\/\/blackvue-nordics.com\/fi\/wp-json\/wp\/v2\/comments?post=1260"}],"version-history":[{"count":6,"href":"https:\/\/blackvue-nordics.com\/fi\/wp-json\/wp\/v2\/pages\/1260\/revisions"}],"predecessor-version":[{"id":6067,"href":"https:\/\/blackvue-nordics.com\/fi\/wp-json\/wp\/v2\/pages\/1260\/revisions\/6067"}],"wp:attachment":[{"href":"https:\/\/blackvue-nordics.com\/fi\/wp-json\/wp\/v2\/media?parent=1260"}],"curies":[{"name":"wp","href":"https:\/\/api.w.org\/{rel}","templated":true}]}}