{"id":1274,"date":"2024-09-11T10:24:06","date_gmt":"2024-09-11T08:24:06","guid":{"rendered":"https:\/\/blackvue-nordics.com\/dashcam-applications-transport\/"},"modified":"2024-10-30T15:50:17","modified_gmt":"2024-10-30T14:50:17","slug":"dashcam-sovellusten-kuljetus","status":"publish","type":"page","link":"https:\/\/blackvue-nordics.com\/fi\/dashcam-sovellusten-kuljetus\/","title":{"rendered":"Dashcam-sovellusten kuljetus"},"content":{"rendered":"<div class=\"wpb-content-wrapper\"><p>[vc_row full_width=&#8221;stretch_row_content&#8221; css=&#8221;.vc_custom_1726043172846{border-top-width: 20px !important;border-right-width: 20px !important;border-bottom-width: 20px !important;border-left-width: 20px !important;padding-top: 2% !important;padding-bottom: 15% !important;background-image: url(https:\/\/blackvue-nordics.com\/wp-content\/uploads\/2024\/08\/BlackVue-Fleet-Management-Banner.webp?id=173) !important;background-position: center !important;background-repeat: no-repeat !important;background-size: cover !important;}&#8221;][vc_column][vc_empty_space height=&#8221;210px&#8221;][vc_column_text css=&#8221;&#8221;]<\/p>\n<h1 style=\"text-align: center;\"><span style=\"color: #3495d0;\">Kojekamerat kuljetusmaailmaan<\/span><\/h1>\n<h3 style=\"text-align: center;\">BlackVuen erityisesti suunnitellut kuorma-autojen kojelautakamerat tarjoavat ajoneuvolle parhaan turvallisuuden.<\/h3>\n<p>[\/vc_column_text][vc_empty_space height=&#8221;210px&#8221;][\/vc_column][\/vc_row][vc_row][vc_column][vc_empty_space height=&#8221;50px&#8221;][\/vc_column][\/vc_row][vc_row full_width=&#8221;stretch_row_content&#8221; equal_height=&#8221;yes&#8221; content_placement=&#8221;middle&#8221;][vc_column width=&#8221;1\/12&#8243;][\/vc_column][vc_column width=&#8221;1\/3&#8243; offset=&#8221;vc_hidden-xs&#8221;][vc_column_text css=&#8221;&#8221;]<\/p>\n<h3>Suojaa pakettiautosi ja\/tai kuorma-autosi BlackVue<\/h3>\n<p>[\/vc_column_text][vc_column_text css=&#8221;&#8221;]BlackVue-kuorma-autojen kojelautakamerat on suojattu useimmilta s\u00e4\u00e4olosuhteilta niiden metallisen vedenpit\u00e4v\u00e4n kotelon avulla, ja ne on erityisesti suunniteltu asennettavaksi kuorma-autoihin ja pakettiautoihin.[\/vc_column_text][\/vc_column][vc_column width=&#8221;7\/12&#8243; offset=&#8221;vc_hidden-xs&#8221;][vc_single_image image=&#8221;696&#8243; img_size=&#8221;full&#8221; alignment=&#8221;center&#8221; css=&#8221;&#8221;][\/vc_column][\/vc_row][vc_row full_width=&#8221;stretch_row_content&#8221; equal_height=&#8221;yes&#8221; content_placement=&#8221;middle&#8221; css=&#8221;.vc_custom_1726059326689{margin-right: 25px !important;margin-left: 25px !important;}&#8221;][vc_column offset=&#8221;vc_hidden-lg vc_hidden-md vc_hidden-sm&#8221;][vc_column_text css=&#8221;&#8221;]<\/p>\n<h3>Suojaa pakettiautosi ja\/tai kuorma-autosi BlackVue<\/h3>\n<p>[\/vc_column_text][vc_column_text css=&#8221;&#8221;]BlackVue-kuorma-autojen kojelautakamerat on suojattu useimmilta s\u00e4\u00e4olosuhteilta niiden metallisen vedenpit\u00e4v\u00e4n kotelon avulla, ja ne on erityisesti suunniteltu asennettavaksi kuorma-autoihin ja pakettiautoihin.[\/vc_column_text][vc_single_image image=&#8221;696&#8243; img_size=&#8221;full&#8221; alignment=&#8221;center&#8221; css=&#8221;&#8221;][\/vc_column][\/vc_row][vc_row][vc_column][vc_empty_space height=&#8221;50px&#8221;][\/vc_column][\/vc_row][vc_row full_width=&#8221;stretch_row_content&#8221; equal_height=&#8221;yes&#8221; content_placement=&#8221;middle&#8221;][vc_column width=&#8221;7\/12&#8243; offset=&#8221;vc_hidden-xs&#8221;][vc_single_image image=&#8221;692&#8243; img_size=&#8221;full&#8221; alignment=&#8221;center&#8221; css=&#8221;&#8221;][\/vc_column][vc_column width=&#8221;1\/3&#8243; offset=&#8221;vc_hidden-xs&#8221;][vc_column_text css=&#8221;&#8221;]<\/p>\n<h3>Vedenpit\u00e4v\u00e4 IR-takakamera<\/h3>\n<p>[\/vc_column_text][vc_column_text css=&#8221;&#8221;]Metallinen vedenpit\u00e4v\u00e4 IR-takakamera on suunniteltu asennettavaksi pakettiautosi tai kuorma-autosi takaosaan. Valotunnistin havaitsee, kun alkaa h\u00e4m\u00e4rt\u00e4\u00e4, mik\u00e4 sytytt\u00e4\u00e4 automaattisesti kuusi IR-LEDi\u00e4. IR-LEDit varmistavat, ett\u00e4 kojelautakameralla on erinomainen y\u00f6n\u00e4k\u00f6, joten ajoneuvot ja esineet voidaan tunnistaa ilman ongelmia my\u00f6s pime\u00e4ss\u00e4.[\/vc_column_text][\/vc_column][vc_column width=&#8221;1\/12&#8243;][\/vc_column][\/vc_row][vc_row full_width=&#8221;stretch_row_content&#8221; equal_height=&#8221;yes&#8221; content_placement=&#8221;middle&#8221; css=&#8221;.vc_custom_1726059374715{margin-right: 25px !important;margin-left: 25px !important;}&#8221;][vc_column offset=&#8221;vc_hidden-lg vc_hidden-md vc_hidden-sm&#8221;][vc_column_text css=&#8221;&#8221;]<\/p>\n<h3>Vedenpit\u00e4v\u00e4 IR-takakamera<\/h3>\n<p>[\/vc_column_text][vc_column_text css=&#8221;&#8221;]Metallinen vedenpit\u00e4v\u00e4 IR-takakamera on suunniteltu asennettavaksi pakettiautosi tai kuorma-autosi takaosaan. Valotunnistin havaitsee, kun alkaa h\u00e4m\u00e4rt\u00e4\u00e4, mik\u00e4 sytytt\u00e4\u00e4 automaattisesti kuusi IR-LEDi\u00e4. IR-LEDit varmistavat, ett\u00e4 kojelautakameralla on erinomainen y\u00f6n\u00e4k\u00f6, joten ajoneuvot ja esineet voidaan tunnistaa ilman ongelmia my\u00f6s pime\u00e4ss\u00e4.[\/vc_column_text][vc_single_image image=&#8221;692&#8243; img_size=&#8221;full&#8221; alignment=&#8221;center&#8221; css=&#8221;&#8221;][\/vc_column][\/vc_row][vc_row full_width=&#8221;stretch_row_content_no_spaces&#8221; video_bg=&#8221;yes&#8221; video_bg_url=&#8221;https:\/\/www.youtube.com\/watch?v=FyqXehMy4lc&#8221;][vc_column][vc_empty_space height=&#8221;1200px&#8221;][\/vc_column][\/vc_row][vc_row full_width=&#8221;stretch_row_content&#8221; equal_height=&#8221;yes&#8221; content_placement=&#8221;middle&#8221;][vc_column width=&#8221;1\/12&#8243;][\/vc_column][vc_column width=&#8221;1\/3&#8243; offset=&#8221;vc_hidden-xs&#8221;][vc_column_text css=&#8221;&#8221;]<\/p>\n<h3>Hallitse kalustosi BlackVue Cloudilla<\/h3>\n<p>[\/vc_column_text][vc_column_text css=&#8221;&#8221;]Hallitse autokantasi helposti ja tehokkaasti BlackVuen avulla. BlackVue kojelautakamerat suojaavat ja seuraavat ajoneuvoja reaaliajassa. T\u00e4m\u00e4 vaihtoehto koskee vain seuraavia BlackVue Cloud Dash -kameroita:<\/p>\n<ul>\n<li>DR970X Plus sarja<\/li>\n<li>DR770X sarja<\/li>\n<\/ul>\n<p>Kun k\u00e4yt\u00e4t jotakin yll\u00e4 olevista kojelautakameroista, voit saada viel\u00e4 enemm\u00e4n irti kojelautakameroistasi BlackVue Fleet Trackingin avulla. Ajattele:<\/p>\n<ul>\n<li>Live GPS-seuranta (tallennettu jopa 90 p\u00e4iv\u00e4\u00e4)<\/li>\n<li>GEO-aidat valinnaisilla push-ilmoituksilla voidaan asettaa<\/li>\n<li>Tallenna videoita pilvest\u00e4\/pilveen<\/li>\n<li>Rajoittamaton suora katselu<\/li>\n<li>Ja enemm\u00e4n<\/li>\n<\/ul>\n<p>Edellytyksen\u00e4 on, ett\u00e4 kojelautakamera on yhdistetty Wi-Fi:n kautta. T\u00e4t\u00e4 varten voidaan k\u00e4ytt\u00e4\u00e4 esimerkiksi 4G \/ LTE Wi-Fi-hotspotia aktiivisella dataliittym\u00e4ll\u00e4.[\/vc_column_text][\/vc_column][vc_column width=&#8221;7\/12&#8243; offset=&#8221;vc_hidden-xs&#8221;][vc_single_image image=&#8221;520&#8243; img_size=&#8221;full&#8221; alignment=&#8221;center&#8221; css=&#8221;&#8221;][\/vc_column][\/vc_row][vc_row full_width=&#8221;stretch_row_content&#8221; equal_height=&#8221;yes&#8221; content_placement=&#8221;middle&#8221; css=&#8221;.vc_custom_1726059401625{margin-right: 25px !important;margin-left: 25px !important;}&#8221;][vc_column offset=&#8221;vc_hidden-lg vc_hidden-md vc_hidden-sm&#8221;][vc_column_text css=&#8221;&#8221;]<\/p>\n<h3>Hallitse kalustosi BlackVue Cloudilla<\/h3>\n<p>[\/vc_column_text][vc_column_text css=&#8221;&#8221;]Hallitse autokantasi helposti ja tehokkaasti BlackVuen avulla. BlackVue kojelautakamerat suojaavat ja seuraavat ajoneuvoja reaaliajassa. T\u00e4m\u00e4 vaihtoehto koskee vain seuraavia BlackVue Cloud Dash -kameroita:<\/p>\n<ul>\n<li>DR970X Plus sarja<\/li>\n<li>DR770X sarja<\/li>\n<\/ul>\n<p>Kun k\u00e4yt\u00e4t jotakin yll\u00e4 olevista kojelautakameroista, voit saada viel\u00e4 enemm\u00e4n irti kojelautakameroistasi BlackVue Fleet Trackingin avulla. Ajattele:<\/p>\n<ul>\n<li>Live GPS-seuranta (tallennettu jopa 90 p\u00e4iv\u00e4\u00e4)<\/li>\n<li>GEO-aidat valinnaisilla push-ilmoituksilla voidaan asettaa<\/li>\n<li>Tallenna videoita pilvest\u00e4\/pilveen<\/li>\n<li>Rajoittamaton suora katselu<\/li>\n<li>Ja enemm\u00e4n<\/li>\n<\/ul>\n<p>Edellytyksen\u00e4 on, ett\u00e4 kojelautakamera on yhdistetty Wi-Fi:n kautta. T\u00e4t\u00e4 varten voidaan k\u00e4ytt\u00e4\u00e4 esimerkiksi 4G \/ LTE Wi-Fi-hotspotia aktiivisella dataliittym\u00e4ll\u00e4.[\/vc_column_text][vc_single_image image=&#8221;520&#8243; img_size=&#8221;full&#8221; alignment=&#8221;center&#8221; css=&#8221;&#8221;][\/vc_column][\/vc_row][vc_row full_width=&#8221;stretch_row_content&#8221;][vc_column][vc_empty_space height=&#8221;50px&#8221;][\/vc_column][\/vc_row][vc_row full_width=&#8221;stretch_row_content&#8221; equal_height=&#8221;yes&#8221; content_placement=&#8221;middle&#8221;][vc_column width=&#8221;7\/12&#8243; offset=&#8221;vc_hidden-xs&#8221;][vc_single_image image=&#8221;4223&#8243; img_size=&#8221;full&#8221; alignment=&#8221;center&#8221; css=&#8221;&#8221;][\/vc_column][vc_column width=&#8221;1\/3&#8243; offset=&#8221;vc_hidden-xs&#8221;][vc_column_text css=&#8221;&#8221;]<\/p>\n<h3>Paketit yrityksille<\/h3>\n<p>[\/vc_column_text][vc_column_text css=&#8221;&#8221;]BlackVue on koonnut useita paketteja erityisesti yrityksille.<br \/>\nJoitakin t\u00e4m\u00e4n lis\u00e4etuja ovat:<\/p>\n<ul>\n<li>Mahdollisuus rekister\u00f6id\u00e4 jopa 100 kojelautakameraa tili\u00e4 kohden<\/li>\n<li>Live GPS-seuranta (tallennettu jopa 90 p\u00e4iv\u00e4\u00e4)<\/li>\n<li>GEO-aidat valinnaisilla push-ilmoituksilla voidaan asettaa<\/li>\n<li>Ylim\u00e4\u00e4r\u00e4ist\u00e4 tallennustilaa (15 Gt perus, +5 Gt per lis\u00e4kojelauta)<\/li>\n<li>Rajoittamaton tallennustila tapahtumatallenteille (G-sensori)<\/li>\n<li>Rajoittamaton live-n\u00e4kym\u00e4<\/li>\n<li>BlackVue Viewer Pron k\u00e4ytt\u00f6<\/li>\n<li>Ja enemm\u00e4n<\/li>\n<\/ul>\n<p>[\/vc_column_text][vc_btn title=&#8221;Lue lis\u00e4\u00e4 BlackVue-kaluston hallinnasta&#8221; style=&#8221;flat&#8221; shape=&#8221;square&#8221; color=&#8221;sky&#8221; css=&#8221;&#8221; link=&#8221;url:https%3A%2F%2Fblackvue-nordics.com%2Ffi%2Fblackvue-kaluston-hallinta%2F|title:BlackVue%20Fleet%20Management&#8221;][\/vc_column][vc_column width=&#8221;1\/12&#8243;][\/vc_column][\/vc_row][vc_row full_width=&#8221;stretch_row_content&#8221; equal_height=&#8221;yes&#8221; content_placement=&#8221;middle&#8221; css=&#8221;.vc_custom_1726059433146{margin-right: 25px !important;margin-left: 25px !important;}&#8221;][vc_column offset=&#8221;vc_hidden-lg vc_hidden-md vc_hidden-sm&#8221;][vc_column_text css=&#8221;&#8221;]<\/p>\n<h3>Paketit yrityksille<\/h3>\n<p>[\/vc_column_text][vc_column_text css=&#8221;&#8221;]BlackVue on koonnut useita paketteja erityisesti yrityksille.<br \/>\nJoitakin t\u00e4m\u00e4n lis\u00e4etuja ovat:<\/p>\n<ul>\n<li>Mahdollisuus rekister\u00f6id\u00e4 jopa 100 kojelautakameraa tili\u00e4 kohden<\/li>\n<li>Live GPS-seuranta (tallennettu jopa 90 p\u00e4iv\u00e4\u00e4)<\/li>\n<li>GEO-aidat valinnaisilla push-ilmoituksilla voidaan asettaa<\/li>\n<li>Ylim\u00e4\u00e4r\u00e4ist\u00e4 tallennustilaa (15 Gt perus, +5 Gt per lis\u00e4kojelauta)<\/li>\n<li>Rajoittamaton tallennustila tapahtumatallenteille (G-sensori)<\/li>\n<li>Rajoittamaton live-n\u00e4kym\u00e4<\/li>\n<li>BlackVue Viewer Pron k\u00e4ytt\u00f6<\/li>\n<li>Ja enemm\u00e4n<\/li>\n<\/ul>\n<p>[\/vc_column_text][vc_btn title=&#8221;Lue lis\u00e4\u00e4 BlackVue-kaluston hallinnasta&#8221; style=&#8221;flat&#8221; shape=&#8221;square&#8221; color=&#8221;sky&#8221; align=&#8221;center&#8221; css=&#8221;&#8221; link=&#8221;url:https%3A%2F%2Fblackvue-nordics.com%2Ffi%2Fblackvue-kaluston-hallinta%2F|title:BlackVue%20Fleet%20Management&#8221;][vc_single_image image=&#8221;4223&#8243; img_size=&#8221;full&#8221; alignment=&#8221;center&#8221; css=&#8221;&#8221;][\/vc_column][\/vc_row]<\/p>\n<\/div>","protected":false},"excerpt":{"rendered":"<p>[vc_row full_width=&#8221;stretch_row_content&#8221; css=&#8221;.vc_custom_1726043172846{border-top-width: 20px !important;border-right-width: 20px !important;border-bottom-width: 20px !important;border-left-width: 20px !important;padding-top: 2% !important;padding-bottom: 15% !important;background-image: url(https:\/\/blackvue-nordics.com\/wp-content\/uploads\/2024\/08\/BlackVue-Fleet-Management-Banner.webp?id=173) !important;background-position: center !important;background-repeat: no-repeat !important;background-size: cover !important;}&#8221;][vc_column][vc_empty_space height=&#8221;210px&#8221;][vc_column_text css=&#8221;&#8221;] Kojekamerat kuljetusmaailmaan BlackVuen erityisesti suunnitellut kuorma-autojen kojelautakamerat tarjoavat ajoneuvolle parhaan turvallisuuden. [\/vc_column_text][vc_empty_space height=&#8221;210px&#8221;][\/vc_column][\/vc_row][vc_row][vc_column][vc_empty_space height=&#8221;50px&#8221;][\/vc_column][\/vc_row][vc_row full_width=&#8221;stretch_row_content&#8221; equal_height=&#8221;yes&#8221; content_placement=&#8221;middle&#8221;][vc_column width=&#8221;1\/12&#8243;][\/vc_column][vc_column width=&#8221;1\/3&#8243; offset=&#8221;vc_hidden-xs&#8221;][vc_column_text css=&#8221;&#8221;] Suojaa pakettiautosi ja\/tai kuorma-autosi BlackVue [\/vc_column_text][vc_column_text css=&#8221;&#8221;]BlackVue-kuorma-autojen kojelautakamerat on [&hellip;]<\/p>\n","protected":false},"author":1,"featured_media":0,"parent":0,"menu_order":0,"comment_status":"closed","ping_status":"closed","template":"","meta":{"footnotes":""},"class_list":["post-1274","page","type-page","status-publish","hentry"],"yoast_head":"<!-- This site is optimized with the Yoast SEO Premium plugin v23.6 (Yoast SEO v27.3) - https:\/\/yoast.com\/product\/yoast-seo-premium-wordpress\/ -->\n<title>BlackVue Dashcam-sovellusten kuljetus - BlackVue-Nordics<\/title>\n<meta name=\"description\" content=\"BlackVue Truck -kojekamerat on suojattu useimmilta s\u00e4\u00e4olosuhteilta vedenpit\u00e4v\u00e4ll\u00e4 metallikotelolla ja muulla!\" \/>\n<meta name=\"robots\" content=\"index, follow, max-snippet:-1, max-image-preview:large, max-video-preview:-1\" \/>\n<link rel=\"canonical\" href=\"https:\/\/blackvue-nordics.com\/fi\/dashcam-sovellusten-kuljetus\/\" \/>\n<meta property=\"og:locale\" content=\"fi_FI\" \/>\n<meta property=\"og:type\" content=\"article\" \/>\n<meta property=\"og:title\" content=\"Dashcam-sovellusten kuljetus\" \/>\n<meta property=\"og:description\" content=\"BlackVue Truck -kojekamerat on suojattu useimmilta s\u00e4\u00e4olosuhteilta vedenpit\u00e4v\u00e4ll\u00e4 metallikotelolla ja muulla!\" \/>\n<meta property=\"og:url\" content=\"https:\/\/blackvue-nordics.com\/fi\/dashcam-sovellusten-kuljetus\/\" \/>\n<meta property=\"og:site_name\" content=\"BlackVue-Nordics\" \/>\n<meta property=\"article:modified_time\" content=\"2024-10-30T14:50:17+00:00\" \/>\n<meta name=\"twitter:card\" content=\"summary_large_image\" \/>\n<meta name=\"twitter:label1\" content=\"Arvioitu lukuaika\" \/>\n\t<meta name=\"twitter:data1\" content=\"5 minuuttia\" \/>\n<script type=\"application\/ld+json\" class=\"yoast-schema-graph\">{\"@context\":\"https:\\\/\\\/schema.org\",\"@graph\":[{\"@type\":\"WebPage\",\"@id\":\"https:\\\/\\\/blackvue-nordics.com\\\/fi\\\/dashcam-sovellusten-kuljetus\\\/\",\"url\":\"https:\\\/\\\/blackvue-nordics.com\\\/fi\\\/dashcam-sovellusten-kuljetus\\\/\",\"name\":\"BlackVue Dashcam-sovellusten kuljetus - BlackVue-Nordics\",\"isPartOf\":{\"@id\":\"https:\\\/\\\/blackvue-nordics.com\\\/fi\\\/#website\"},\"datePublished\":\"2024-09-11T08:24:06+00:00\",\"dateModified\":\"2024-10-30T14:50:17+00:00\",\"description\":\"BlackVue Truck -kojekamerat on suojattu useimmilta s\u00e4\u00e4olosuhteilta vedenpit\u00e4v\u00e4ll\u00e4 metallikotelolla ja muulla!\",\"breadcrumb\":{\"@id\":\"https:\\\/\\\/blackvue-nordics.com\\\/fi\\\/dashcam-sovellusten-kuljetus\\\/#breadcrumb\"},\"inLanguage\":\"fi\",\"potentialAction\":[{\"@type\":\"ReadAction\",\"target\":[\"https:\\\/\\\/blackvue-nordics.com\\\/fi\\\/dashcam-sovellusten-kuljetus\\\/\"]}]},{\"@type\":\"BreadcrumbList\",\"@id\":\"https:\\\/\\\/blackvue-nordics.com\\\/fi\\\/dashcam-sovellusten-kuljetus\\\/#breadcrumb\",\"itemListElement\":[{\"@type\":\"ListItem\",\"position\":1,\"name\":\"Home\",\"item\":\"https:\\\/\\\/blackvue-nordics.com\\\/fi\\\/\"},{\"@type\":\"ListItem\",\"position\":2,\"name\":\"Dashcam-sovellusten kuljetus\"}]},{\"@type\":\"WebSite\",\"@id\":\"https:\\\/\\\/blackvue-nordics.com\\\/fi\\\/#website\",\"url\":\"https:\\\/\\\/blackvue-nordics.com\\\/fi\\\/\",\"name\":\"BlackVue-Nordics\",\"description\":\"Official BlackVue Dashcam website\",\"publisher\":{\"@id\":\"https:\\\/\\\/blackvue-nordics.com\\\/fi\\\/#organization\"},\"potentialAction\":[{\"@type\":\"SearchAction\",\"target\":{\"@type\":\"EntryPoint\",\"urlTemplate\":\"https:\\\/\\\/blackvue-nordics.com\\\/fi\\\/?s={search_term_string}\"},\"query-input\":{\"@type\":\"PropertyValueSpecification\",\"valueRequired\":true,\"valueName\":\"search_term_string\"}}],\"inLanguage\":\"fi\"},{\"@type\":\"Organization\",\"@id\":\"https:\\\/\\\/blackvue-nordics.com\\\/fi\\\/#organization\",\"name\":\"BlackVue-Nordics\",\"url\":\"https:\\\/\\\/blackvue-nordics.com\\\/fi\\\/\",\"logo\":{\"@type\":\"ImageObject\",\"inLanguage\":\"fi\",\"@id\":\"https:\\\/\\\/blackvue-nordics.com\\\/fi\\\/#\\\/schema\\\/logo\\\/image\\\/\",\"url\":\"https:\\\/\\\/blackvue-nordics.com\\\/wp-content\\\/uploads\\\/2024\\\/08\\\/BlackVue-Nordics-Logo.webp\",\"contentUrl\":\"https:\\\/\\\/blackvue-nordics.com\\\/wp-content\\\/uploads\\\/2024\\\/08\\\/BlackVue-Nordics-Logo.webp\",\"width\":849,\"height\":164,\"caption\":\"BlackVue-Nordics\"},\"image\":{\"@id\":\"https:\\\/\\\/blackvue-nordics.com\\\/fi\\\/#\\\/schema\\\/logo\\\/image\\\/\"}}]}<\/script>\n<!-- \/ Yoast SEO Premium plugin. -->","yoast_head_json":{"title":"BlackVue Dashcam-sovellusten kuljetus - BlackVue-Nordics","description":"BlackVue Truck -kojekamerat on suojattu useimmilta s\u00e4\u00e4olosuhteilta vedenpit\u00e4v\u00e4ll\u00e4 metallikotelolla ja muulla!","robots":{"index":"index","follow":"follow","max-snippet":"max-snippet:-1","max-image-preview":"max-image-preview:large","max-video-preview":"max-video-preview:-1"},"canonical":"https:\/\/blackvue-nordics.com\/fi\/dashcam-sovellusten-kuljetus\/","og_locale":"fi_FI","og_type":"article","og_title":"Dashcam-sovellusten kuljetus","og_description":"BlackVue Truck -kojekamerat on suojattu useimmilta s\u00e4\u00e4olosuhteilta vedenpit\u00e4v\u00e4ll\u00e4 metallikotelolla ja muulla!","og_url":"https:\/\/blackvue-nordics.com\/fi\/dashcam-sovellusten-kuljetus\/","og_site_name":"BlackVue-Nordics","article_modified_time":"2024-10-30T14:50:17+00:00","twitter_card":"summary_large_image","twitter_misc":{"Arvioitu lukuaika":"5 minuuttia"},"schema":{"@context":"https:\/\/schema.org","@graph":[{"@type":"WebPage","@id":"https:\/\/blackvue-nordics.com\/fi\/dashcam-sovellusten-kuljetus\/","url":"https:\/\/blackvue-nordics.com\/fi\/dashcam-sovellusten-kuljetus\/","name":"BlackVue Dashcam-sovellusten kuljetus - BlackVue-Nordics","isPartOf":{"@id":"https:\/\/blackvue-nordics.com\/fi\/#website"},"datePublished":"2024-09-11T08:24:06+00:00","dateModified":"2024-10-30T14:50:17+00:00","description":"BlackVue Truck -kojekamerat on suojattu useimmilta s\u00e4\u00e4olosuhteilta vedenpit\u00e4v\u00e4ll\u00e4 metallikotelolla ja muulla!","breadcrumb":{"@id":"https:\/\/blackvue-nordics.com\/fi\/dashcam-sovellusten-kuljetus\/#breadcrumb"},"inLanguage":"fi","potentialAction":[{"@type":"ReadAction","target":["https:\/\/blackvue-nordics.com\/fi\/dashcam-sovellusten-kuljetus\/"]}]},{"@type":"BreadcrumbList","@id":"https:\/\/blackvue-nordics.com\/fi\/dashcam-sovellusten-kuljetus\/#breadcrumb","itemListElement":[{"@type":"ListItem","position":1,"name":"Home","item":"https:\/\/blackvue-nordics.com\/fi\/"},{"@type":"ListItem","position":2,"name":"Dashcam-sovellusten kuljetus"}]},{"@type":"WebSite","@id":"https:\/\/blackvue-nordics.com\/fi\/#website","url":"https:\/\/blackvue-nordics.com\/fi\/","name":"BlackVue-Nordics","description":"Official BlackVue Dashcam website","publisher":{"@id":"https:\/\/blackvue-nordics.com\/fi\/#organization"},"potentialAction":[{"@type":"SearchAction","target":{"@type":"EntryPoint","urlTemplate":"https:\/\/blackvue-nordics.com\/fi\/?s={search_term_string}"},"query-input":{"@type":"PropertyValueSpecification","valueRequired":true,"valueName":"search_term_string"}}],"inLanguage":"fi"},{"@type":"Organization","@id":"https:\/\/blackvue-nordics.com\/fi\/#organization","name":"BlackVue-Nordics","url":"https:\/\/blackvue-nordics.com\/fi\/","logo":{"@type":"ImageObject","inLanguage":"fi","@id":"https:\/\/blackvue-nordics.com\/fi\/#\/schema\/logo\/image\/","url":"https:\/\/blackvue-nordics.com\/wp-content\/uploads\/2024\/08\/BlackVue-Nordics-Logo.webp","contentUrl":"https:\/\/blackvue-nordics.com\/wp-content\/uploads\/2024\/08\/BlackVue-Nordics-Logo.webp","width":849,"height":164,"caption":"BlackVue-Nordics"},"image":{"@id":"https:\/\/blackvue-nordics.com\/fi\/#\/schema\/logo\/image\/"}}]}},"_links":{"self":[{"href":"https:\/\/blackvue-nordics.com\/fi\/wp-json\/wp\/v2\/pages\/1274","targetHints":{"allow":["GET"]}}],"collection":[{"href":"https:\/\/blackvue-nordics.com\/fi\/wp-json\/wp\/v2\/pages"}],"about":[{"href":"https:\/\/blackvue-nordics.com\/fi\/wp-json\/wp\/v2\/types\/page"}],"author":[{"embeddable":true,"href":"https:\/\/blackvue-nordics.com\/fi\/wp-json\/wp\/v2\/users\/1"}],"replies":[{"embeddable":true,"href":"https:\/\/blackvue-nordics.com\/fi\/wp-json\/wp\/v2\/comments?post=1274"}],"version-history":[{"count":5,"href":"https:\/\/blackvue-nordics.com\/fi\/wp-json\/wp\/v2\/pages\/1274\/revisions"}],"predecessor-version":[{"id":4229,"href":"https:\/\/blackvue-nordics.com\/fi\/wp-json\/wp\/v2\/pages\/1274\/revisions\/4229"}],"wp:attachment":[{"href":"https:\/\/blackvue-nordics.com\/fi\/wp-json\/wp\/v2\/media?parent=1274"}],"curies":[{"name":"wp","href":"https:\/\/api.w.org\/{rel}","templated":true}]}}