{"id":4547,"date":"2024-11-01T14:03:23","date_gmt":"2024-11-01T13:03:23","guid":{"rendered":"https:\/\/blackvue-nordics.com\/privacy\/"},"modified":"2024-11-01T14:16:27","modified_gmt":"2024-11-01T13:16:27","slug":"tietosuojalausunto","status":"publish","type":"page","link":"https:\/\/blackvue-nordics.com\/fi\/tietosuojalausunto\/","title":{"rendered":"Tietosuojalausunto"},"content":{"rendered":"<p><strong>BlackVue-Nordics on osa TJM Supplies B.V.:t\u00e4.<\/strong><\/p>\n<p>TJM Supplies B.V. on vastuussa henkil\u00f6tietojen k\u00e4sittelyst\u00e4 t\u00e4ss\u00e4 tietosuojaselosteessa esitetyll\u00e4 tavalla.<\/p>\n<p><strong>Yhteystiedot:<\/strong><br \/>\nwww.tjmsupplies.nl<br \/>\nTJM Supplies B.V.<br \/>\nZompstraat 8<br \/>\n8102HX Raalte<br \/>\nAlankomaat<br \/>\n+31 085-0402973<br \/>\ninfo@tjmsupplies.nl<\/p>\n<p><strong>K\u00e4sittelem\u00e4mme henkil\u00f6tiedot<\/strong><\/p>\n<p>TJM Supplies B.V. k\u00e4sittelee henkil\u00f6tietojasi, koska k\u00e4yt\u00e4t palveluitamme ja\/tai koska toimitat ne meille itse.<\/p>\n<p>Alta l\u00f6yd\u00e4t yleiskatsauksen k\u00e4sittelemist\u00e4mme henkil\u00f6tiedoista:<\/p>\n<ul>\n<li>Etu- ja sukunimi;<\/li>\n<li>Osoitetiedot;<\/li>\n<li>Puhelinnumero;<\/li>\n<li>S\u00e4hk\u00f6postiosoite;<\/li>\n<li>IP-osoite;<\/li>\n<li>Tiedot toiminnastasi verkkosivustollamme;<\/li>\n<li>Tiedot surffausk\u00e4ytt\u00e4ytymisest\u00e4si eri verkkosivustoilla (esimerkiksi koska t\u00e4m\u00e4 yritys on osa mainosverkostoa);<\/li>\n<li>Internet-selain ja laitetyyppi;<\/li>\n<\/ul>\n<p><strong>K\u00e4sittelem\u00e4mme erityiset ja\/tai arkaluontoiset henkil\u00f6tiedot<\/strong><\/p>\n<p>Verkkosivustomme ja\/tai palvelumme tarkoituksena ei ole ker\u00e4t\u00e4 tietoja alle 16-vuotiaista verkkosivuston vierailijoista. Ellei heill\u00e4 ole lupa vanhemmilta tai huoltajilta. Emme kuitenkaan voi tarkistaa, onko k\u00e4vij\u00e4 yli 16-vuotias. Suosittelemme siksi, ett\u00e4 vanhemmat osallistuvat lastensa verkkotoimintaan, jotta lapsia koskevia tietoja ei ker\u00e4t\u00e4 ilman vanhempien suostumusta. Jos olet vakuuttunut siit\u00e4, ett\u00e4 olemme ker\u00e4nneet henkil\u00f6tietoja alaik\u00e4isest\u00e4 ilman t\u00e4t\u00e4 lupaa, ota meihin yhteytt\u00e4 osoitteella info@tjmsupplies.nl, niin poistamme n\u00e4m\u00e4 tiedot.<\/p>\n<p>Mihin tarkoitukseen ja mill\u00e4 perusteilla k\u00e4sittelemme henkil\u00f6tietoja<br \/>\nTJM Supplies B.V. k\u00e4sittelee henkil\u00f6tietojasi seuraaviin tarkoituksiin:<\/p>\n<ul>\n<li>Maksusi k\u00e4sittely;<\/li>\n<li>Uutiskirjeemme ja\/tai mainosesitteemme l\u00e4hett\u00e4minen;<\/li>\n<li>Voidaksemme soittaa sinulle tai l\u00e4hett\u00e4\u00e4 s\u00e4hk\u00f6postia, jos t\u00e4m\u00e4 on tarpeen palveluidemme suorittamiseksi;<\/li>\n<li>Ilmoittaaksemme sinulle palveluidemme ja tuotteidemme muutoksista;<\/li>\n<li>tarjota sinulle mahdollisuuden luoda tili;<\/li>\n<li>Tavaroiden ja palvelujen toimittaminen sinulle;<\/li>\n<li>TJM Supplies B.V. k\u00e4sittelee my\u00f6s henkil\u00f6tietoja, jos olemme lain mukaan velvollisia tekem\u00e4\u00e4n niin, kuten tietoja, joita tarvitsemme veroilmoitusta varten;<\/li>\n<\/ul>\n<p><strong>Kuinka kauan s\u00e4ilyt\u00e4mme henkil\u00f6tietoja<\/strong><\/p>\n<p>TJM Supplies B.V. ei s\u00e4ilyt\u00e4 henkil\u00f6tietojasi pidemp\u00e4\u00e4n kuin on ehdottoman v\u00e4ltt\u00e4m\u00e4t\u00f6nt\u00e4 niiden tarkoitusten saavuttamiseksi, joita varten tietosi on ker\u00e4tty. K\u00e4yt\u00e4mme seuraavia s\u00e4ilytysaikoja seuraaville henkil\u00f6tiedoille (luokille):<\/p>\n<ul>\n<li>Henkil\u00f6tiedot &gt; 2 vuotta taloushallinnon ja verovelvoitteiden yhteydess\u00e4;<\/li>\n<li>Osoite &gt; 2 vuotta taloushallinnon ja verovelvoitteiden yhteydess\u00e4;<\/li>\n<li>S\u00e4hk\u00f6posti\/puhelinyhteys &gt; 2 vuotta taloushallinnon ja verovelvoitteiden yhteydess\u00e4;<\/li>\n<\/ul>\n<p><strong>Henkil\u00f6tietojen jakaminen kolmansien osapuolten kanssa<\/strong><\/p>\n<p>TJM Supplies B.V. ei myy tietojasi kolmansille osapuolille ja toimittaa ne vain, jos se on tarpeen kanssasi tekem\u00e4mme sopimuksen t\u00e4yt\u00e4nt\u00f6\u00f6npanemiseksi tai laillisen velvoitteen noudattamiseksi. Teemme k\u00e4sittelysopimuksen puolestamme tietojasi k\u00e4sittelevien yritysten kanssa varmistaaksemme tietojesi saman tason tietoturvan ja luottamuksellisuuden. TJM Supplies B.V. on edelleen vastuussa n\u00e4ist\u00e4 prosesseista.<\/p>\n<p><strong>Ev\u00e4steet tai vastaavat tekniikat, joita k\u00e4yt\u00e4mme<\/strong><\/p>\n<p>TJM Supplies B.V. k\u00e4ytt\u00e4\u00e4 vain teknisi\u00e4 ja toiminnallisia ev\u00e4steit\u00e4. Ja analyyttiset ev\u00e4steet, jotka eiv\u00e4t loukkaa yksityisyytt\u00e4si. Ev\u00e4ste on pieni tekstitiedosto, joka tallennetaan tietokoneellesi, tabletillesi tai \u00e4lypuhelimellesi, kun vierailet t\u00e4ll\u00e4 sivustolla ensimm\u00e4isen kerran. K\u00e4ytt\u00e4m\u00e4mme ev\u00e4steet ovat v\u00e4ltt\u00e4m\u00e4tt\u00f6mi\u00e4 verkkosivuston teknisen toiminnan ja helppok\u00e4ytt\u00f6isyyden kannalta. He varmistavat, ett\u00e4 sivusto toimii oikein ja muistavat esimerkiksi mieltymyksesi. Voimme k\u00e4ytt\u00e4\u00e4 niit\u00e4 my\u00f6s verkkosivustomme optimointiin. Voit poistaa ev\u00e4steet k\u00e4yt\u00f6st\u00e4 asettamalla Internet-selaimesi niin, ettei se en\u00e4\u00e4 tallenna ev\u00e4steit\u00e4. Lis\u00e4ksi voit my\u00f6s poistaa kaikki aiemmin tallennetut tiedot selaimesi asetuksista.<\/p>\n<p><strong>Tarkastele, muokkaa tai poista tietoja<\/strong><\/p>\n<p>Sinulla on oikeus tarkastella, korjata tai poistaa henkil\u00f6tietojasi. Lis\u00e4ksi sinulla on oikeus peruuttaa suostumuksesi tietojen k\u00e4sittelyyn tai vastustaa henkil\u00f6tietojesi k\u00e4sittely\u00e4 TJM Supplies B.V.:n toimesta ja sinulla on oikeus tietojen siirrett\u00e4vyyteen. T\u00e4m\u00e4 tarkoittaa, ett\u00e4 voit l\u00e4hett\u00e4\u00e4 meille pyynn\u00f6n l\u00e4hett\u00e4\u00e4 meille tai muulle nime\u00e4m\u00e4si organisaatiolle tietokonetiedostossa olevat henkil\u00f6tiedot.<\/p>\n<p>Voit l\u00e4hett\u00e4\u00e4 henkil\u00f6tietojesi k\u00e4sittely\u00e4, oikaisua, poistamista, tiedonsiirtoa koskevan pyynn\u00f6n tai suostumuksesi peruuttamista tai vastustamista henkil\u00f6tietojesi k\u00e4sittelyyn koskevan pyynn\u00f6n osoitteeseen info@tjmsupplies.nl.<\/p>\n<p>Varmistaaksemme, ett\u00e4 olet itse tehnyt p\u00e4\u00e4sypyynn\u00f6n, pyyd\u00e4mme sinua l\u00e4hett\u00e4m\u00e4\u00e4n kopion henkil\u00f6todistuksestasi pyynn\u00f6n mukana. Pimenn\u00e4 t\u00e4ss\u00e4 kopiossa passikuvasi, MRZ (koneellisesti luettava alue, passin alareunassa oleva numeronauha), passin numero ja kansalaispalvelunumero (BSN). T\u00e4m\u00e4 on yksityisyytesi suojaamiseksi. Vastaamme pyynt\u00f6\u00f6si mahdollisimman pian, mutta nelj\u00e4n viikon kuluessa.<\/p>\n<p><strong>Kuinka suojaamme henkil\u00f6tietoja<\/strong><\/p>\n<p>TJM Supplies B.V. suhtautuu tietojesi suojaamiseen vakavasti ja ryhtyy tarvittaviin toimenpiteisiin est\u00e4\u00e4kseen v\u00e4\u00e4rink\u00e4yt\u00f6n, katoamisen, luvattoman k\u00e4yt\u00f6n, ei-toivotun paljastamisen ja luvattoman muuttamisen. Jos sinusta tuntuu, ett\u00e4 tietojasi ei ole asianmukaisesti suojattu tai on viitteit\u00e4 v\u00e4\u00e4rink\u00e4yt\u00f6st\u00e4, ota yhteytt\u00e4 asiakaspalveluumme tai s\u00e4hk\u00f6postitse info@tjmsupplies.nl<\/p>\n<p>&nbsp;<\/p>\n","protected":false},"excerpt":{"rendered":"<p>BlackVue-Nordics on osa TJM Supplies B.V.:t\u00e4. TJM Supplies B.V. on vastuussa henkil\u00f6tietojen k\u00e4sittelyst\u00e4 t\u00e4ss\u00e4 tietosuojaselosteessa esitetyll\u00e4 tavalla. Yhteystiedot: www.tjmsupplies.nl TJM Supplies B.V. Zompstraat 8 8102HX Raalte Alankomaat +31 085-0402973 info@tjmsupplies.nl K\u00e4sittelem\u00e4mme henkil\u00f6tiedot TJM Supplies B.V. k\u00e4sittelee henkil\u00f6tietojasi, koska k\u00e4yt\u00e4t palveluitamme ja\/tai koska toimitat ne meille itse. Alta l\u00f6yd\u00e4t yleiskatsauksen k\u00e4sittelemist\u00e4mme henkil\u00f6tiedoista: Etu- ja sukunimi; Osoitetiedot; [&hellip;]<\/p>\n","protected":false},"author":1,"featured_media":0,"parent":0,"menu_order":0,"comment_status":"closed","ping_status":"closed","template":"","meta":{"footnotes":""},"class_list":["post-4547","page","type-page","status-publish","hentry"],"yoast_head":"<!-- This site is optimized with the Yoast SEO Premium plugin v23.6 (Yoast SEO v27.3) - https:\/\/yoast.com\/product\/yoast-seo-premium-wordpress\/ -->\n<title>Tietosuojalausunto - BlackVue-Nordics<\/title>\n<meta name=\"robots\" content=\"noindex, follow\" \/>\n<meta property=\"og:locale\" content=\"fi_FI\" \/>\n<meta property=\"og:type\" content=\"article\" \/>\n<meta property=\"og:title\" content=\"Tietosuojalausunto\" \/>\n<meta property=\"og:description\" content=\"BlackVue-Nordics on osa TJM Supplies B.V.:t\u00e4. TJM Supplies B.V. on vastuussa henkil\u00f6tietojen k\u00e4sittelyst\u00e4 t\u00e4ss\u00e4 tietosuojaselosteessa esitetyll\u00e4 tavalla. Yhteystiedot: www.tjmsupplies.nl TJM Supplies B.V. Zompstraat 8 8102HX Raalte Alankomaat +31 085-0402973 info@tjmsupplies.nl K\u00e4sittelem\u00e4mme henkil\u00f6tiedot TJM Supplies B.V. k\u00e4sittelee henkil\u00f6tietojasi, koska k\u00e4yt\u00e4t palveluitamme ja\/tai koska toimitat ne meille itse. Alta l\u00f6yd\u00e4t yleiskatsauksen k\u00e4sittelemist\u00e4mme henkil\u00f6tiedoista: Etu- ja sukunimi; Osoitetiedot; [&hellip;]\" \/>\n<meta property=\"og:url\" content=\"https:\/\/blackvue-nordics.com\/fi\/tietosuojalausunto\/\" \/>\n<meta property=\"og:site_name\" content=\"BlackVue-Nordics\" \/>\n<meta property=\"article:modified_time\" content=\"2024-11-01T13:16:27+00:00\" \/>\n<meta name=\"twitter:card\" content=\"summary_large_image\" \/>\n<meta name=\"twitter:label1\" content=\"Arvioitu lukuaika\" \/>\n\t<meta name=\"twitter:data1\" content=\"3 minuuttia\" \/>\n<script type=\"application\/ld+json\" class=\"yoast-schema-graph\">{\"@context\":\"https:\\\/\\\/schema.org\",\"@graph\":[{\"@type\":\"WebPage\",\"@id\":\"https:\\\/\\\/blackvue-nordics.com\\\/fi\\\/tietosuojalausunto\\\/\",\"url\":\"https:\\\/\\\/blackvue-nordics.com\\\/fi\\\/tietosuojalausunto\\\/\",\"name\":\"Tietosuojalausunto - BlackVue-Nordics\",\"isPartOf\":{\"@id\":\"https:\\\/\\\/blackvue-nordics.com\\\/fi\\\/#website\"},\"datePublished\":\"2024-11-01T13:03:23+00:00\",\"dateModified\":\"2024-11-01T13:16:27+00:00\",\"breadcrumb\":{\"@id\":\"https:\\\/\\\/blackvue-nordics.com\\\/fi\\\/tietosuojalausunto\\\/#breadcrumb\"},\"inLanguage\":\"fi\",\"potentialAction\":[{\"@type\":\"ReadAction\",\"target\":[\"https:\\\/\\\/blackvue-nordics.com\\\/fi\\\/tietosuojalausunto\\\/\"]}]},{\"@type\":\"BreadcrumbList\",\"@id\":\"https:\\\/\\\/blackvue-nordics.com\\\/fi\\\/tietosuojalausunto\\\/#breadcrumb\",\"itemListElement\":[{\"@type\":\"ListItem\",\"position\":1,\"name\":\"Home\",\"item\":\"https:\\\/\\\/blackvue-nordics.com\\\/fi\\\/\"},{\"@type\":\"ListItem\",\"position\":2,\"name\":\"Tietosuojalausunto\"}]},{\"@type\":\"WebSite\",\"@id\":\"https:\\\/\\\/blackvue-nordics.com\\\/fi\\\/#website\",\"url\":\"https:\\\/\\\/blackvue-nordics.com\\\/fi\\\/\",\"name\":\"BlackVue-Nordics\",\"description\":\"Official BlackVue Dashcam website\",\"publisher\":{\"@id\":\"https:\\\/\\\/blackvue-nordics.com\\\/fi\\\/#organization\"},\"potentialAction\":[{\"@type\":\"SearchAction\",\"target\":{\"@type\":\"EntryPoint\",\"urlTemplate\":\"https:\\\/\\\/blackvue-nordics.com\\\/fi\\\/?s={search_term_string}\"},\"query-input\":{\"@type\":\"PropertyValueSpecification\",\"valueRequired\":true,\"valueName\":\"search_term_string\"}}],\"inLanguage\":\"fi\"},{\"@type\":\"Organization\",\"@id\":\"https:\\\/\\\/blackvue-nordics.com\\\/fi\\\/#organization\",\"name\":\"BlackVue-Nordics\",\"url\":\"https:\\\/\\\/blackvue-nordics.com\\\/fi\\\/\",\"logo\":{\"@type\":\"ImageObject\",\"inLanguage\":\"fi\",\"@id\":\"https:\\\/\\\/blackvue-nordics.com\\\/fi\\\/#\\\/schema\\\/logo\\\/image\\\/\",\"url\":\"https:\\\/\\\/blackvue-nordics.com\\\/wp-content\\\/uploads\\\/2024\\\/08\\\/BlackVue-Nordics-Logo.webp\",\"contentUrl\":\"https:\\\/\\\/blackvue-nordics.com\\\/wp-content\\\/uploads\\\/2024\\\/08\\\/BlackVue-Nordics-Logo.webp\",\"width\":849,\"height\":164,\"caption\":\"BlackVue-Nordics\"},\"image\":{\"@id\":\"https:\\\/\\\/blackvue-nordics.com\\\/fi\\\/#\\\/schema\\\/logo\\\/image\\\/\"}}]}<\/script>\n<!-- \/ Yoast SEO Premium plugin. -->","yoast_head_json":{"title":"Tietosuojalausunto - BlackVue-Nordics","robots":{"index":"noindex","follow":"follow"},"og_locale":"fi_FI","og_type":"article","og_title":"Tietosuojalausunto","og_description":"BlackVue-Nordics on osa TJM Supplies B.V.:t\u00e4. TJM Supplies B.V. on vastuussa henkil\u00f6tietojen k\u00e4sittelyst\u00e4 t\u00e4ss\u00e4 tietosuojaselosteessa esitetyll\u00e4 tavalla. Yhteystiedot: www.tjmsupplies.nl TJM Supplies B.V. Zompstraat 8 8102HX Raalte Alankomaat +31 085-0402973 info@tjmsupplies.nl K\u00e4sittelem\u00e4mme henkil\u00f6tiedot TJM Supplies B.V. k\u00e4sittelee henkil\u00f6tietojasi, koska k\u00e4yt\u00e4t palveluitamme ja\/tai koska toimitat ne meille itse. Alta l\u00f6yd\u00e4t yleiskatsauksen k\u00e4sittelemist\u00e4mme henkil\u00f6tiedoista: Etu- ja sukunimi; Osoitetiedot; [&hellip;]","og_url":"https:\/\/blackvue-nordics.com\/fi\/tietosuojalausunto\/","og_site_name":"BlackVue-Nordics","article_modified_time":"2024-11-01T13:16:27+00:00","twitter_card":"summary_large_image","twitter_misc":{"Arvioitu lukuaika":"3 minuuttia"},"schema":{"@context":"https:\/\/schema.org","@graph":[{"@type":"WebPage","@id":"https:\/\/blackvue-nordics.com\/fi\/tietosuojalausunto\/","url":"https:\/\/blackvue-nordics.com\/fi\/tietosuojalausunto\/","name":"Tietosuojalausunto - BlackVue-Nordics","isPartOf":{"@id":"https:\/\/blackvue-nordics.com\/fi\/#website"},"datePublished":"2024-11-01T13:03:23+00:00","dateModified":"2024-11-01T13:16:27+00:00","breadcrumb":{"@id":"https:\/\/blackvue-nordics.com\/fi\/tietosuojalausunto\/#breadcrumb"},"inLanguage":"fi","potentialAction":[{"@type":"ReadAction","target":["https:\/\/blackvue-nordics.com\/fi\/tietosuojalausunto\/"]}]},{"@type":"BreadcrumbList","@id":"https:\/\/blackvue-nordics.com\/fi\/tietosuojalausunto\/#breadcrumb","itemListElement":[{"@type":"ListItem","position":1,"name":"Home","item":"https:\/\/blackvue-nordics.com\/fi\/"},{"@type":"ListItem","position":2,"name":"Tietosuojalausunto"}]},{"@type":"WebSite","@id":"https:\/\/blackvue-nordics.com\/fi\/#website","url":"https:\/\/blackvue-nordics.com\/fi\/","name":"BlackVue-Nordics","description":"Official BlackVue Dashcam website","publisher":{"@id":"https:\/\/blackvue-nordics.com\/fi\/#organization"},"potentialAction":[{"@type":"SearchAction","target":{"@type":"EntryPoint","urlTemplate":"https:\/\/blackvue-nordics.com\/fi\/?s={search_term_string}"},"query-input":{"@type":"PropertyValueSpecification","valueRequired":true,"valueName":"search_term_string"}}],"inLanguage":"fi"},{"@type":"Organization","@id":"https:\/\/blackvue-nordics.com\/fi\/#organization","name":"BlackVue-Nordics","url":"https:\/\/blackvue-nordics.com\/fi\/","logo":{"@type":"ImageObject","inLanguage":"fi","@id":"https:\/\/blackvue-nordics.com\/fi\/#\/schema\/logo\/image\/","url":"https:\/\/blackvue-nordics.com\/wp-content\/uploads\/2024\/08\/BlackVue-Nordics-Logo.webp","contentUrl":"https:\/\/blackvue-nordics.com\/wp-content\/uploads\/2024\/08\/BlackVue-Nordics-Logo.webp","width":849,"height":164,"caption":"BlackVue-Nordics"},"image":{"@id":"https:\/\/blackvue-nordics.com\/fi\/#\/schema\/logo\/image\/"}}]}},"_links":{"self":[{"href":"https:\/\/blackvue-nordics.com\/fi\/wp-json\/wp\/v2\/pages\/4547","targetHints":{"allow":["GET"]}}],"collection":[{"href":"https:\/\/blackvue-nordics.com\/fi\/wp-json\/wp\/v2\/pages"}],"about":[{"href":"https:\/\/blackvue-nordics.com\/fi\/wp-json\/wp\/v2\/types\/page"}],"author":[{"embeddable":true,"href":"https:\/\/blackvue-nordics.com\/fi\/wp-json\/wp\/v2\/users\/1"}],"replies":[{"embeddable":true,"href":"https:\/\/blackvue-nordics.com\/fi\/wp-json\/wp\/v2\/comments?post=4547"}],"version-history":[{"count":2,"href":"https:\/\/blackvue-nordics.com\/fi\/wp-json\/wp\/v2\/pages\/4547\/revisions"}],"predecessor-version":[{"id":4549,"href":"https:\/\/blackvue-nordics.com\/fi\/wp-json\/wp\/v2\/pages\/4547\/revisions\/4549"}],"wp:attachment":[{"href":"https:\/\/blackvue-nordics.com\/fi\/wp-json\/wp\/v2\/media?parent=4547"}],"curies":[{"name":"wp","href":"https:\/\/api.w.org\/{rel}","templated":true}]}}