{"id":964,"date":"2024-09-11T10:24:06","date_gmt":"2024-09-11T08:24:06","guid":{"rendered":"https:\/\/blackvue-nordics.com\/dashcam-applikationer-transport\/"},"modified":"2024-10-28T10:29:12","modified_gmt":"2024-10-28T09:29:12","slug":"dashcam-applikationer-transport","status":"publish","type":"page","link":"https:\/\/blackvue-nordics.com\/sv\/dashcam-applikationer-transport\/","title":{"rendered":"Dashcam-applikationer Transport"},"content":{"rendered":"<div class=\"wpb-content-wrapper\"><p>[vc_row full_width=&#8221;stretch_row_content&#8221; css=&#8221;.vc_custom_1726043172846{border-top-width: 20px !important;border-right-width: 20px !important;border-bottom-width: 20px !important;border-left-width: 20px !important;padding-top: 2% !important;padding-bottom: 15% !important;background-image: url(https:\/\/blackvue-nordics.com\/wp-content\/uploads\/2024\/08\/BlackVue-Fleet-Management-Banner.webp?id=173) !important;background-position: center !important;background-repeat: no-repeat !important;background-size: cover !important;}&#8221;][vc_column][vc_empty_space height=&#8221;210px&#8221;][vc_column_text css=&#8221;&#8221;]<\/p>\n<h1 style=\"text-align: center;\"><span style=\"color: #3495d0;\">Dashcams f\u00f6r transportv\u00e4rlden<\/span><\/h1>\n<h3 style=\"text-align: center;\">BlackVues specialdesignade Truck-dash cams erbjuder den b\u00e4sta s\u00e4kerheten f\u00f6r fordonet.<\/h3>\n<p>[\/vc_column_text][vc_empty_space height=&#8221;210px&#8221;][\/vc_column][\/vc_row][vc_row][vc_column][vc_empty_space height=&#8221;50px&#8221;][\/vc_column][\/vc_row][vc_row full_width=&#8221;stretch_row_content&#8221; equal_height=&#8221;yes&#8221; content_placement=&#8221;middle&#8221;][vc_column width=&#8221;1\/12&#8243;][\/vc_column][vc_column width=&#8221;1\/3&#8243; offset=&#8221;vc_hidden-xs&#8221;][vc_column_text css=&#8221;&#8221;]<\/p>\n<h3>S\u00e4kra din sk\u00e5pbil och\/eller lastbil med BlackVue<\/h3>\n<p>[\/vc_column_text][vc_column_text css=&#8221;&#8221;]BlackVue Truck dashcams \u00e4r skyddade mot de flesta v\u00e4derf\u00f6rh\u00e5llanden med sitt vattent\u00e4ta metallh\u00f6lje och \u00e4r speciellt designade f\u00f6r att installeras p\u00e5 lastbilar och sk\u00e5pbilar.[\/vc_column_text][\/vc_column][vc_column width=&#8221;7\/12&#8243; offset=&#8221;vc_hidden-xs&#8221;][vc_single_image image=&#8221;698&#8243; img_size=&#8221;full&#8221; alignment=&#8221;center&#8221; css=&#8221;&#8221;][\/vc_column][\/vc_row][vc_row full_width=&#8221;stretch_row_content&#8221; equal_height=&#8221;yes&#8221; content_placement=&#8221;middle&#8221; css=&#8221;.vc_custom_1726059326689{margin-right: 25px !important;margin-left: 25px !important;}&#8221;][vc_column offset=&#8221;vc_hidden-lg vc_hidden-md vc_hidden-sm&#8221;][vc_column_text css=&#8221;&#8221;]<\/p>\n<h3>S\u00e4kra din sk\u00e5pbil och\/eller lastbil med BlackVue<\/h3>\n<p>[\/vc_column_text][vc_column_text css=&#8221;&#8221;]BlackVue Truck-dashcams \u00e4r skyddade mot de flesta v\u00e4derf\u00f6rh\u00e5llanden med sitt vattent\u00e4ta metallh\u00f6lje och \u00e4r speciellt designade f\u00f6r att installeras p\u00e5 lastbilar och sk\u00e5pbilar.[\/vc_column_text][vc_single_image image=&#8221;698&#8243; img_size=&#8221;full&#8221; alignment=&#8221;center&#8221; css=&#8221;&#8221;][\/vc_column][\/vc_row][vc_row][vc_column][vc_empty_space height=&#8221;50px&#8221;][\/vc_column][\/vc_row][vc_row full_width=&#8221;stretch_row_content&#8221; equal_height=&#8221;yes&#8221; content_placement=&#8221;middle&#8221;][vc_column width=&#8221;7\/12&#8243; offset=&#8221;vc_hidden-xs&#8221;][vc_single_image image=&#8221;694&#8243; img_size=&#8221;full&#8221; alignment=&#8221;center&#8221; css=&#8221;&#8221;][\/vc_column][vc_column width=&#8221;1\/3&#8243; offset=&#8221;vc_hidden-xs&#8221;][vc_column_text css=&#8221;&#8221;]<\/p>\n<h3>Vattent\u00e4t IR bakre kamera<\/h3>\n<p>[\/vc_column_text][vc_column_text css=&#8221;&#8221;]Den vattent\u00e4ta IR-bakkameran i metall \u00e4r designad f\u00f6r montering p\u00e5 baksidan av din sk\u00e5pbil eller lastbil. Ljussensorn k\u00e4nner av n\u00e4r det b\u00f6rjar bli m\u00f6rkt, vilket automatiskt sl\u00e5r p\u00e5 de 6 IR-lysdioderna. IR-lysdioderna ser till att instrumentkameran har utm\u00e4rkt m\u00f6rkerseende, s\u00e5 att fordon och f\u00f6rem\u00e5l kan identifieras utan problem, \u00e4ven i m\u00f6rker.[\/vc_column_text][\/vc_column][vc_column width=&#8221;1\/12&#8243;][\/vc_column][\/vc_row][vc_row full_width=&#8221;stretch_row_content&#8221; equal_height=&#8221;yes&#8221; content_placement=&#8221;middle&#8221; css=&#8221;.vc_custom_1726059374715{margin-right: 25px !important;margin-left: 25px !important;}&#8221;][vc_column offset=&#8221;vc_hidden-lg vc_hidden-md vc_hidden-sm&#8221;][vc_column_text css=&#8221;&#8221;]<\/p>\n<h3>Vattent\u00e4t IR bakre kamera<\/h3>\n<p>[\/vc_column_text][vc_column_text css=&#8221;&#8221;]Den vattent\u00e4ta IR-bakkameran i metall \u00e4r designad f\u00f6r montering p\u00e5 baksidan av din sk\u00e5pbil eller lastbil. Ljussensorn k\u00e4nner av n\u00e4r det b\u00f6rjar bli m\u00f6rkt, vilket automatiskt sl\u00e5r p\u00e5 de 6 IR-lysdioderna. IR-lysdioderna ser till att instrumentkameran har utm\u00e4rkt m\u00f6rkerseende, s\u00e5 att fordon och f\u00f6rem\u00e5l kan identifieras utan problem, \u00e4ven i m\u00f6rker.[\/vc_column_text][vc_single_image image=&#8221;694&#8243; img_size=&#8221;full&#8221; alignment=&#8221;center&#8221; css=&#8221;&#8221;][\/vc_column][\/vc_row][vc_row full_width=&#8221;stretch_row_content_no_spaces&#8221; video_bg=&#8221;yes&#8221; video_bg_url=&#8221;https:\/\/www.youtube.com\/watch?v=FyqXehMy4lc&#8221;][vc_column][vc_empty_space height=&#8221;1200px&#8221;][\/vc_column][\/vc_row][vc_row full_width=&#8221;stretch_row_content&#8221; equal_height=&#8221;yes&#8221; content_placement=&#8221;middle&#8221;][vc_column width=&#8221;1\/12&#8243;][\/vc_column][vc_column width=&#8221;1\/3&#8243; offset=&#8221;vc_hidden-xs&#8221;][vc_column_text css=&#8221;&#8221;]<\/p>\n<h3>Hantera din flotta med BlackVue Cloud<\/h3>\n<p>[\/vc_column_text][vc_column_text css=&#8221;&#8221;]Hantera din bilflotta enkelt och effektivt med BlackVue. BlackVue-dashcams skyddar och sp\u00e5rar fordon i realtid. Det h\u00e4r alternativet g\u00e4ller endast f\u00f6ljande BlackVue Cloud-dash-kameror:<\/p>\n<ul>\n<li>DR970X Plus-serien<\/li>\n<li>DR770X-serien<\/li>\n<\/ul>\n<p>N\u00e4r du anv\u00e4nder en av ovanst\u00e5ende dashcams kan du f\u00e5 ut \u00e4nnu mer av dina dashcams med BlackVue Fleet Tracking. T\u00e4nka p\u00e5:<\/p>\n<ul>\n<li>Live GPS-sp\u00e5rning (lagras i upp till 90 dagar)<\/li>\n<li>GEO-st\u00e4ngsel med valfria push-meddelanden kan st\u00e4llas in<\/li>\n<li>Spara videor fr\u00e5n\/till molnet<\/li>\n<li>Obegr\u00e4nsad livevisning<\/li>\n<li>Och mer<\/li>\n<\/ul>\n<p>Ett krav \u00e4r att instrumentkameran \u00e4r ansluten via Wi-Fi. F\u00f6r detta kan till exempel en 4G \/ LTE Wi-Fi-hotspot med ett aktivt dataabonnemang anv\u00e4ndas.[\/vc_column_text][\/vc_column][vc_column width=&#8221;7\/12&#8243; offset=&#8221;vc_hidden-xs&#8221;][vc_single_image image=&#8221;522&#8243; img_size=&#8221;full&#8221; alignment=&#8221;center&#8221; css=&#8221;&#8221;][\/vc_column][\/vc_row][vc_row full_width=&#8221;stretch_row_content&#8221; equal_height=&#8221;yes&#8221; content_placement=&#8221;middle&#8221; css=&#8221;.vc_custom_1726059401625{margin-right: 25px !important;margin-left: 25px !important;}&#8221;][vc_column offset=&#8221;vc_hidden-lg vc_hidden-md vc_hidden-sm&#8221;][vc_column_text css=&#8221;&#8221;]<\/p>\n<h3>Hantera din flotta med BlackVue Cloud<\/h3>\n<p>[\/vc_column_text][vc_column_text css=&#8221;&#8221;]Hantera din bilflotta enkelt och effektivt med BlackVue. BlackVue-dashcams skyddar och sp\u00e5rar fordon i realtid. Det h\u00e4r alternativet g\u00e4ller endast f\u00f6ljande BlackVue Cloud-dash-kameror:<\/p>\n<ul>\n<li>DR970X Plus-serien<\/li>\n<li>DR770X-serien<\/li>\n<\/ul>\n<p>N\u00e4r du anv\u00e4nder en av ovanst\u00e5ende dashcams kan du f\u00e5 ut \u00e4nnu mer av dina dashcams med BlackVue Fleet Tracking. T\u00e4nka p\u00e5:<\/p>\n<ul>\n<li>Live GPS-sp\u00e5rning (lagras i upp till 90 dagar)<\/li>\n<li>GEO-st\u00e4ngsel med valfria push-meddelanden kan st\u00e4llas in<\/li>\n<li>Spara videor fr\u00e5n\/till molnet<\/li>\n<li>Obegr\u00e4nsad livevisning<\/li>\n<li>Och mer<\/li>\n<\/ul>\n<p>Ett krav \u00e4r att instrumentkameran \u00e4r ansluten via Wi-Fi. F\u00f6r detta kan till exempel en 4G \/ LTE Wi-Fi-hotspot med ett aktivt dataabonnemang anv\u00e4ndas.[\/vc_column_text][vc_single_image image=&#8221;522&#8243; img_size=&#8221;full&#8221; alignment=&#8221;center&#8221; css=&#8221;&#8221;][\/vc_column][\/vc_row][vc_row full_width=&#8221;stretch_row_content&#8221;][vc_column][vc_empty_space height=&#8221;50px&#8221;][\/vc_column][\/vc_row][vc_row full_width=&#8221;stretch_row_content&#8221; equal_height=&#8221;yes&#8221; content_placement=&#8221;middle&#8221;][vc_column width=&#8221;7\/12&#8243; offset=&#8221;vc_hidden-xs&#8221;][vc_single_image image=&#8221;3638&#8243; img_size=&#8221;full&#8221; alignment=&#8221;center&#8221; css=&#8221;&#8221;][\/vc_column][vc_column width=&#8221;1\/3&#8243; offset=&#8221;vc_hidden-xs&#8221;][vc_column_text css=&#8221;&#8221;]<\/p>\n<h3>Paket f\u00f6r f\u00f6retag<\/h3>\n<p>[\/vc_column_text][vc_column_text css=&#8221;&#8221;]BlackVue har satt ihop ett antal paket speciellt f\u00f6r f\u00f6retag. N\u00e5gra ytterligare f\u00f6rdelar med detta \u00e4r:<\/p>\n<ul>\n<li>M\u00f6jlighet att registrera upp till 100 dash-kameror per konto<\/li>\n<li>Live GPS-sp\u00e5rning (lagras i upp till 90 dagar)<\/li>\n<li>GEO-st\u00e4ngsel med valfria push-meddelanden kan st\u00e4llas in<\/li>\n<li>Extra lagringsutrymme (15 GB grundl\u00e4ggande, +5 GB per extra dashcam)<\/li>\n<li>Obegr\u00e4nsat lagringsutrymme f\u00f6r h\u00e4ndelseinspelningar (G-sensor)<\/li>\n<li>Obegr\u00e4nsad livevisning<\/li>\n<li>Anv\u00e4ndning av BlackVue Viewer Pro<\/li>\n<li>Och mer<\/li>\n<\/ul>\n<p>[\/vc_column_text][vc_btn title=&#8221;L\u00e4s mer om BlackVue Fleet Management&#8221; style=&#8221;flat&#8221; shape=&#8221;square&#8221; color=&#8221;sky&#8221; css=&#8221;&#8221; link=&#8221;url:https%3A%2F%2Fblackvue-nordics.com%2Fsv%2Fblackvue-fleet-management%2F|title:BlackVue%20Fleet%20Management&#8221;][\/vc_column][vc_column width=&#8221;1\/12&#8243;][\/vc_column][\/vc_row][vc_row full_width=&#8221;stretch_row_content&#8221; equal_height=&#8221;yes&#8221; content_placement=&#8221;middle&#8221; css=&#8221;.vc_custom_1726059433146{margin-right: 25px !important;margin-left: 25px !important;}&#8221;][vc_column offset=&#8221;vc_hidden-lg vc_hidden-md vc_hidden-sm&#8221;][vc_column_text css=&#8221;&#8221;]<\/p>\n<h3>Paket f\u00f6r f\u00f6retag<\/h3>\n<p>[\/vc_column_text][vc_column_text css=&#8221;&#8221;]BlackVue har satt ihop ett antal paket speciellt f\u00f6r f\u00f6retag. N\u00e5gra ytterligare f\u00f6rdelar med detta \u00e4r:<\/p>\n<ul>\n<li>M\u00f6jlighet att registrera upp till 100 dash-kameror per konto<\/li>\n<li>Live GPS-sp\u00e5rning (lagras i upp till 90 dagar)<\/li>\n<li>GEO-st\u00e4ngsel med valfria push-meddelanden kan st\u00e4llas in<\/li>\n<li>Extra lagringsutrymme (15 GB grundl\u00e4ggande, +5 GB per extra dashcam)<\/li>\n<li>Obegr\u00e4nsat lagringsutrymme f\u00f6r h\u00e4ndelseinspelningar (G-sensor)<\/li>\n<li>Obegr\u00e4nsad livevisning<\/li>\n<li>Anv\u00e4ndning av BlackVue Viewer Pro<\/li>\n<li>Och mer<\/li>\n<\/ul>\n<p>[\/vc_column_text][vc_btn title=&#8221;L\u00e4s mer om BlackVue Fleet Management&#8221; style=&#8221;flat&#8221; shape=&#8221;square&#8221; color=&#8221;sky&#8221; align=&#8221;center&#8221; css=&#8221;&#8221; link=&#8221;url:https%3A%2F%2Fblackvue-nordics.com%2Fsv%2Fblackvue-fleet-management%2F|title:BlackVue%20Fleet%20Management&#8221;][vc_single_image image=&#8221;3638&#8243; img_size=&#8221;full&#8221; alignment=&#8221;center&#8221; css=&#8221;&#8221;][\/vc_column][\/vc_row]<\/p>\n<\/div>","protected":false},"excerpt":{"rendered":"<p>[vc_row full_width=&#8221;stretch_row_content&#8221; css=&#8221;.vc_custom_1726043172846{border-top-width: 20px !important;border-right-width: 20px !important;border-bottom-width: 20px !important;border-left-width: 20px !important;padding-top: 2% !important;padding-bottom: 15% !important;background-image: url(https:\/\/blackvue-nordics.com\/wp-content\/uploads\/2024\/08\/BlackVue-Fleet-Management-Banner.webp?id=173) !important;background-position: center !important;background-repeat: no-repeat !important;background-size: cover !important;}&#8221;][vc_column][vc_empty_space height=&#8221;210px&#8221;][vc_column_text css=&#8221;&#8221;] Dashcams f\u00f6r transportv\u00e4rlden BlackVues specialdesignade Truck-dash cams erbjuder den b\u00e4sta s\u00e4kerheten f\u00f6r fordonet. [\/vc_column_text][vc_empty_space height=&#8221;210px&#8221;][\/vc_column][\/vc_row][vc_row][vc_column][vc_empty_space height=&#8221;50px&#8221;][\/vc_column][\/vc_row][vc_row full_width=&#8221;stretch_row_content&#8221; equal_height=&#8221;yes&#8221; content_placement=&#8221;middle&#8221;][vc_column width=&#8221;1\/12&#8243;][\/vc_column][vc_column width=&#8221;1\/3&#8243; offset=&#8221;vc_hidden-xs&#8221;][vc_column_text css=&#8221;&#8221;] S\u00e4kra din sk\u00e5pbil och\/eller lastbil med BlackVue [&hellip;]<\/p>\n","protected":false},"author":1,"featured_media":0,"parent":0,"menu_order":0,"comment_status":"closed","ping_status":"closed","template":"","meta":{"footnotes":""},"class_list":["post-964","page","type-page","status-publish","hentry"],"yoast_head":"<!-- This site is optimized with the Yoast SEO Premium plugin v23.6 (Yoast SEO v27.3) - https:\/\/yoast.com\/product\/yoast-seo-premium-wordpress\/ -->\n<title>BlackVue Dashcam-applikationer Transport - BlackVue-Nordics<\/title>\n<meta name=\"description\" content=\"BlackVue Truck-dashcams \u00e4r skyddade mot de flesta v\u00e4derf\u00f6rh\u00e5llanden med sitt vattent\u00e4ta metallh\u00f6lje och \u00e4nnu fler f\u00f6rdelar!\" \/>\n<meta name=\"robots\" content=\"index, follow, max-snippet:-1, max-image-preview:large, max-video-preview:-1\" \/>\n<link rel=\"canonical\" href=\"https:\/\/blackvue-nordics.com\/sv\/dashcam-applikationer-transport\/\" \/>\n<meta property=\"og:locale\" content=\"sv_SE\" \/>\n<meta property=\"og:type\" content=\"article\" \/>\n<meta property=\"og:title\" content=\"Dashcam-applikationer Transport\" \/>\n<meta property=\"og:description\" content=\"BlackVue Truck-dashcams \u00e4r skyddade mot de flesta v\u00e4derf\u00f6rh\u00e5llanden med sitt vattent\u00e4ta metallh\u00f6lje och \u00e4nnu fler f\u00f6rdelar!\" \/>\n<meta property=\"og:url\" content=\"https:\/\/blackvue-nordics.com\/sv\/dashcam-applikationer-transport\/\" \/>\n<meta property=\"og:site_name\" content=\"BlackVue-Nordics\" \/>\n<meta property=\"article:modified_time\" content=\"2024-10-28T09:29:12+00:00\" \/>\n<meta name=\"twitter:card\" content=\"summary_large_image\" \/>\n<meta name=\"twitter:label1\" content=\"Ber\u00e4knad l\u00e4stid\" \/>\n\t<meta name=\"twitter:data1\" content=\"6 minuter\" \/>\n<script type=\"application\/ld+json\" class=\"yoast-schema-graph\">{\"@context\":\"https:\\\/\\\/schema.org\",\"@graph\":[{\"@type\":\"WebPage\",\"@id\":\"https:\\\/\\\/blackvue-nordics.com\\\/sv\\\/dashcam-applikationer-transport\\\/\",\"url\":\"https:\\\/\\\/blackvue-nordics.com\\\/sv\\\/dashcam-applikationer-transport\\\/\",\"name\":\"BlackVue Dashcam-applikationer Transport - BlackVue-Nordics\",\"isPartOf\":{\"@id\":\"https:\\\/\\\/blackvue-nordics.com\\\/sv\\\/#website\"},\"datePublished\":\"2024-09-11T08:24:06+00:00\",\"dateModified\":\"2024-10-28T09:29:12+00:00\",\"description\":\"BlackVue Truck-dashcams \u00e4r skyddade mot de flesta v\u00e4derf\u00f6rh\u00e5llanden med sitt vattent\u00e4ta metallh\u00f6lje och \u00e4nnu fler f\u00f6rdelar!\",\"breadcrumb\":{\"@id\":\"https:\\\/\\\/blackvue-nordics.com\\\/sv\\\/dashcam-applikationer-transport\\\/#breadcrumb\"},\"inLanguage\":\"sv-SE\",\"potentialAction\":[{\"@type\":\"ReadAction\",\"target\":[\"https:\\\/\\\/blackvue-nordics.com\\\/sv\\\/dashcam-applikationer-transport\\\/\"]}]},{\"@type\":\"BreadcrumbList\",\"@id\":\"https:\\\/\\\/blackvue-nordics.com\\\/sv\\\/dashcam-applikationer-transport\\\/#breadcrumb\",\"itemListElement\":[{\"@type\":\"ListItem\",\"position\":1,\"name\":\"Home\",\"item\":\"https:\\\/\\\/blackvue-nordics.com\\\/sv\\\/\"},{\"@type\":\"ListItem\",\"position\":2,\"name\":\"Dashcam-applikationer Transport\"}]},{\"@type\":\"WebSite\",\"@id\":\"https:\\\/\\\/blackvue-nordics.com\\\/sv\\\/#website\",\"url\":\"https:\\\/\\\/blackvue-nordics.com\\\/sv\\\/\",\"name\":\"BlackVue-Nordics\",\"description\":\"Official BlackVue Dashcam website\",\"publisher\":{\"@id\":\"https:\\\/\\\/blackvue-nordics.com\\\/sv\\\/#organization\"},\"potentialAction\":[{\"@type\":\"SearchAction\",\"target\":{\"@type\":\"EntryPoint\",\"urlTemplate\":\"https:\\\/\\\/blackvue-nordics.com\\\/sv\\\/?s={search_term_string}\"},\"query-input\":{\"@type\":\"PropertyValueSpecification\",\"valueRequired\":true,\"valueName\":\"search_term_string\"}}],\"inLanguage\":\"sv-SE\"},{\"@type\":\"Organization\",\"@id\":\"https:\\\/\\\/blackvue-nordics.com\\\/sv\\\/#organization\",\"name\":\"BlackVue-Nordics\",\"url\":\"https:\\\/\\\/blackvue-nordics.com\\\/sv\\\/\",\"logo\":{\"@type\":\"ImageObject\",\"inLanguage\":\"sv-SE\",\"@id\":\"https:\\\/\\\/blackvue-nordics.com\\\/sv\\\/#\\\/schema\\\/logo\\\/image\\\/\",\"url\":\"https:\\\/\\\/blackvue-nordics.com\\\/wp-content\\\/uploads\\\/2024\\\/08\\\/BlackVue-Nordics-Logo.webp\",\"contentUrl\":\"https:\\\/\\\/blackvue-nordics.com\\\/wp-content\\\/uploads\\\/2024\\\/08\\\/BlackVue-Nordics-Logo.webp\",\"width\":849,\"height\":164,\"caption\":\"BlackVue-Nordics\"},\"image\":{\"@id\":\"https:\\\/\\\/blackvue-nordics.com\\\/sv\\\/#\\\/schema\\\/logo\\\/image\\\/\"}}]}<\/script>\n<!-- \/ Yoast SEO Premium plugin. -->","yoast_head_json":{"title":"BlackVue Dashcam-applikationer Transport - BlackVue-Nordics","description":"BlackVue Truck-dashcams \u00e4r skyddade mot de flesta v\u00e4derf\u00f6rh\u00e5llanden med sitt vattent\u00e4ta metallh\u00f6lje och \u00e4nnu fler f\u00f6rdelar!","robots":{"index":"index","follow":"follow","max-snippet":"max-snippet:-1","max-image-preview":"max-image-preview:large","max-video-preview":"max-video-preview:-1"},"canonical":"https:\/\/blackvue-nordics.com\/sv\/dashcam-applikationer-transport\/","og_locale":"sv_SE","og_type":"article","og_title":"Dashcam-applikationer Transport","og_description":"BlackVue Truck-dashcams \u00e4r skyddade mot de flesta v\u00e4derf\u00f6rh\u00e5llanden med sitt vattent\u00e4ta metallh\u00f6lje och \u00e4nnu fler f\u00f6rdelar!","og_url":"https:\/\/blackvue-nordics.com\/sv\/dashcam-applikationer-transport\/","og_site_name":"BlackVue-Nordics","article_modified_time":"2024-10-28T09:29:12+00:00","twitter_card":"summary_large_image","twitter_misc":{"Ber\u00e4knad l\u00e4stid":"6 minuter"},"schema":{"@context":"https:\/\/schema.org","@graph":[{"@type":"WebPage","@id":"https:\/\/blackvue-nordics.com\/sv\/dashcam-applikationer-transport\/","url":"https:\/\/blackvue-nordics.com\/sv\/dashcam-applikationer-transport\/","name":"BlackVue Dashcam-applikationer Transport - BlackVue-Nordics","isPartOf":{"@id":"https:\/\/blackvue-nordics.com\/sv\/#website"},"datePublished":"2024-09-11T08:24:06+00:00","dateModified":"2024-10-28T09:29:12+00:00","description":"BlackVue Truck-dashcams \u00e4r skyddade mot de flesta v\u00e4derf\u00f6rh\u00e5llanden med sitt vattent\u00e4ta metallh\u00f6lje och \u00e4nnu fler f\u00f6rdelar!","breadcrumb":{"@id":"https:\/\/blackvue-nordics.com\/sv\/dashcam-applikationer-transport\/#breadcrumb"},"inLanguage":"sv-SE","potentialAction":[{"@type":"ReadAction","target":["https:\/\/blackvue-nordics.com\/sv\/dashcam-applikationer-transport\/"]}]},{"@type":"BreadcrumbList","@id":"https:\/\/blackvue-nordics.com\/sv\/dashcam-applikationer-transport\/#breadcrumb","itemListElement":[{"@type":"ListItem","position":1,"name":"Home","item":"https:\/\/blackvue-nordics.com\/sv\/"},{"@type":"ListItem","position":2,"name":"Dashcam-applikationer Transport"}]},{"@type":"WebSite","@id":"https:\/\/blackvue-nordics.com\/sv\/#website","url":"https:\/\/blackvue-nordics.com\/sv\/","name":"BlackVue-Nordics","description":"Official BlackVue Dashcam website","publisher":{"@id":"https:\/\/blackvue-nordics.com\/sv\/#organization"},"potentialAction":[{"@type":"SearchAction","target":{"@type":"EntryPoint","urlTemplate":"https:\/\/blackvue-nordics.com\/sv\/?s={search_term_string}"},"query-input":{"@type":"PropertyValueSpecification","valueRequired":true,"valueName":"search_term_string"}}],"inLanguage":"sv-SE"},{"@type":"Organization","@id":"https:\/\/blackvue-nordics.com\/sv\/#organization","name":"BlackVue-Nordics","url":"https:\/\/blackvue-nordics.com\/sv\/","logo":{"@type":"ImageObject","inLanguage":"sv-SE","@id":"https:\/\/blackvue-nordics.com\/sv\/#\/schema\/logo\/image\/","url":"https:\/\/blackvue-nordics.com\/wp-content\/uploads\/2024\/08\/BlackVue-Nordics-Logo.webp","contentUrl":"https:\/\/blackvue-nordics.com\/wp-content\/uploads\/2024\/08\/BlackVue-Nordics-Logo.webp","width":849,"height":164,"caption":"BlackVue-Nordics"},"image":{"@id":"https:\/\/blackvue-nordics.com\/sv\/#\/schema\/logo\/image\/"}}]}},"_links":{"self":[{"href":"https:\/\/blackvue-nordics.com\/sv\/wp-json\/wp\/v2\/pages\/964","targetHints":{"allow":["GET"]}}],"collection":[{"href":"https:\/\/blackvue-nordics.com\/sv\/wp-json\/wp\/v2\/pages"}],"about":[{"href":"https:\/\/blackvue-nordics.com\/sv\/wp-json\/wp\/v2\/types\/page"}],"author":[{"embeddable":true,"href":"https:\/\/blackvue-nordics.com\/sv\/wp-json\/wp\/v2\/users\/1"}],"replies":[{"embeddable":true,"href":"https:\/\/blackvue-nordics.com\/sv\/wp-json\/wp\/v2\/comments?post=964"}],"version-history":[{"count":6,"href":"https:\/\/blackvue-nordics.com\/sv\/wp-json\/wp\/v2\/pages\/964\/revisions"}],"predecessor-version":[{"id":3644,"href":"https:\/\/blackvue-nordics.com\/sv\/wp-json\/wp\/v2\/pages\/964\/revisions\/3644"}],"wp:attachment":[{"href":"https:\/\/blackvue-nordics.com\/sv\/wp-json\/wp\/v2\/media?parent=964"}],"curies":[{"name":"wp","href":"https:\/\/api.w.org\/{rel}","templated":true}]}}