{"id":2829,"date":"2024-09-27T09:35:02","date_gmt":"2024-09-27T07:35:02","guid":{"rendered":"https:\/\/blackvue-nordics.com\/product\/3m-tapes\/"},"modified":"2025-10-08T09:07:41","modified_gmt":"2025-10-08T07:07:41","slug":"3m-band","status":"publish","type":"product","link":"https:\/\/blackvue-nordics.com\/sv\/product\/3m-band\/","title":{"rendered":"BlackVue 3M-tejper"},"content":{"rendered":"","protected":false},"excerpt":{"rendered":"<p>3M-tejper<\/p>\n<p>V\u00e4lj r\u00e4tt 3M-band f\u00f6r din bilkamera (fram- eller bakkamera) fr\u00e5n listan nedan.<\/p>\n","protected":false},"featured_media":1663,"template":"","meta":[],"product_brand":[],"product_cat":[97],"product_tag":[],"class_list":{"0":"post-2829","1":"product","2":"type-product","3":"status-publish","4":"has-post-thumbnail","6":"product_cat-tillbehor","8":"first","9":"instock","10":"shipping-taxable","11":"product-type-variable"},"yoast_head":"<!-- This site is optimized with the Yoast SEO Premium plugin v23.6 (Yoast SEO v27.3) - https:\/\/yoast.com\/product\/yoast-seo-premium-wordpress\/ -->\n<title>BlackVue 3M-tejper - BlackVue-Nordics<\/title>\n<meta name=\"description\" content=\"Har en 3M-tejp p\u00e5 din BlackVue-kamera lossnat eller sitter den inte ordentligt fast l\u00e4ngre? 3M-tejper kan best\u00e4llas separat.\" \/>\n<meta name=\"robots\" content=\"index, follow, max-snippet:-1, max-image-preview:large, max-video-preview:-1\" \/>\n<link rel=\"canonical\" href=\"https:\/\/blackvue-nordics.com\/sv\/product\/3m-band\/\" \/>\n<meta property=\"og:locale\" content=\"sv_SE\" \/>\n<meta property=\"og:type\" content=\"article\" \/>\n<meta property=\"og:title\" content=\"BlackVue 3M-tejper\" \/>\n<meta property=\"og:description\" content=\"Har en 3M-tejp p\u00e5 din BlackVue-kamera lossnat eller sitter den inte ordentligt fast l\u00e4ngre? 3M-tejper kan best\u00e4llas separat.\" \/>\n<meta property=\"og:url\" content=\"https:\/\/blackvue-nordics.com\/sv\/product\/3m-band\/\" \/>\n<meta property=\"og:site_name\" content=\"BlackVue-Nordics\" \/>\n<meta property=\"article:modified_time\" content=\"2025-10-08T07:07:41+00:00\" \/>\n<meta property=\"og:image\" content=\"https:\/\/blackvue-nordics.com\/wp-content\/uploads\/2024\/09\/BlakcVue-3M-Tapes.webp\" \/>\n\t<meta property=\"og:image:width\" content=\"1080\" \/>\n\t<meta property=\"og:image:height\" content=\"1080\" \/>\n\t<meta property=\"og:image:type\" content=\"image\/webp\" \/>\n<meta name=\"twitter:card\" content=\"summary_large_image\" \/>\n<meta name=\"twitter:label1\" content=\"Ber\u00e4knad l\u00e4stid\" \/>\n\t<meta name=\"twitter:data1\" content=\"1 minut\" \/>\n<script type=\"application\/ld+json\" class=\"yoast-schema-graph\">{\"@context\":\"https:\\\/\\\/schema.org\",\"@graph\":[{\"@type\":\"WebPage\",\"@id\":\"https:\\\/\\\/blackvue-nordics.com\\\/sv\\\/product\\\/3m-band\\\/\",\"url\":\"https:\\\/\\\/blackvue-nordics.com\\\/sv\\\/product\\\/3m-band\\\/\",\"name\":\"BlackVue 3M-tejper - BlackVue-Nordics\",\"isPartOf\":{\"@id\":\"https:\\\/\\\/blackvue-nordics.com\\\/sv\\\/#website\"},\"primaryImageOfPage\":{\"@id\":\"https:\\\/\\\/blackvue-nordics.com\\\/sv\\\/product\\\/3m-band\\\/#primaryimage\"},\"image\":{\"@id\":\"https:\\\/\\\/blackvue-nordics.com\\\/sv\\\/product\\\/3m-band\\\/#primaryimage\"},\"thumbnailUrl\":\"https:\\\/\\\/blackvue-nordics.com\\\/wp-content\\\/uploads\\\/2024\\\/09\\\/BlakcVue-3M-Tapes.webp\",\"datePublished\":\"2024-09-27T07:35:02+00:00\",\"dateModified\":\"2025-10-08T07:07:41+00:00\",\"description\":\"Har en 3M-tejp p\u00e5 din BlackVue-kamera lossnat eller sitter den inte ordentligt fast l\u00e4ngre? 3M-tejper kan best\u00e4llas separat.\",\"breadcrumb\":{\"@id\":\"https:\\\/\\\/blackvue-nordics.com\\\/sv\\\/product\\\/3m-band\\\/#breadcrumb\"},\"inLanguage\":\"sv-SE\",\"potentialAction\":[{\"@type\":\"ReadAction\",\"target\":[\"https:\\\/\\\/blackvue-nordics.com\\\/sv\\\/product\\\/3m-band\\\/\"]}]},{\"@type\":\"ImageObject\",\"inLanguage\":\"sv-SE\",\"@id\":\"https:\\\/\\\/blackvue-nordics.com\\\/sv\\\/product\\\/3m-band\\\/#primaryimage\",\"url\":\"https:\\\/\\\/blackvue-nordics.com\\\/wp-content\\\/uploads\\\/2024\\\/09\\\/BlakcVue-3M-Tapes.webp\",\"contentUrl\":\"https:\\\/\\\/blackvue-nordics.com\\\/wp-content\\\/uploads\\\/2024\\\/09\\\/BlakcVue-3M-Tapes.webp\",\"width\":1080,\"height\":1080,\"caption\":\"BlakcVue-3M-Tapes\"},{\"@type\":\"BreadcrumbList\",\"@id\":\"https:\\\/\\\/blackvue-nordics.com\\\/sv\\\/product\\\/3m-band\\\/#breadcrumb\",\"itemListElement\":[{\"@type\":\"ListItem\",\"position\":1,\"name\":\"Home\",\"item\":\"https:\\\/\\\/blackvue-nordics.com\\\/sv\\\/\"},{\"@type\":\"ListItem\",\"position\":2,\"name\":\"Shop\",\"item\":\"https:\\\/\\\/blackvue-nordics.com\\\/sv\\\/shop\\\/\"},{\"@type\":\"ListItem\",\"position\":3,\"name\":\"BlackVue 3M-tejper\"}]},{\"@type\":\"WebSite\",\"@id\":\"https:\\\/\\\/blackvue-nordics.com\\\/sv\\\/#website\",\"url\":\"https:\\\/\\\/blackvue-nordics.com\\\/sv\\\/\",\"name\":\"BlackVue-Nordics\",\"description\":\"Official BlackVue Dashcam website\",\"publisher\":{\"@id\":\"https:\\\/\\\/blackvue-nordics.com\\\/sv\\\/#organization\"},\"potentialAction\":[{\"@type\":\"SearchAction\",\"target\":{\"@type\":\"EntryPoint\",\"urlTemplate\":\"https:\\\/\\\/blackvue-nordics.com\\\/sv\\\/?s={search_term_string}\"},\"query-input\":{\"@type\":\"PropertyValueSpecification\",\"valueRequired\":true,\"valueName\":\"search_term_string\"}}],\"inLanguage\":\"sv-SE\"},{\"@type\":\"Organization\",\"@id\":\"https:\\\/\\\/blackvue-nordics.com\\\/sv\\\/#organization\",\"name\":\"BlackVue-Nordics\",\"url\":\"https:\\\/\\\/blackvue-nordics.com\\\/sv\\\/\",\"logo\":{\"@type\":\"ImageObject\",\"inLanguage\":\"sv-SE\",\"@id\":\"https:\\\/\\\/blackvue-nordics.com\\\/sv\\\/#\\\/schema\\\/logo\\\/image\\\/\",\"url\":\"https:\\\/\\\/blackvue-nordics.com\\\/wp-content\\\/uploads\\\/2024\\\/08\\\/BlackVue-Nordics-Logo.webp\",\"contentUrl\":\"https:\\\/\\\/blackvue-nordics.com\\\/wp-content\\\/uploads\\\/2024\\\/08\\\/BlackVue-Nordics-Logo.webp\",\"width\":849,\"height\":164,\"caption\":\"BlackVue-Nordics\"},\"image\":{\"@id\":\"https:\\\/\\\/blackvue-nordics.com\\\/sv\\\/#\\\/schema\\\/logo\\\/image\\\/\"}}]}<\/script>\n<!-- \/ Yoast SEO Premium plugin. -->","yoast_head_json":{"title":"BlackVue 3M-tejper - BlackVue-Nordics","description":"Har en 3M-tejp p\u00e5 din BlackVue-kamera lossnat eller sitter den inte ordentligt fast l\u00e4ngre? 3M-tejper kan best\u00e4llas separat.","robots":{"index":"index","follow":"follow","max-snippet":"max-snippet:-1","max-image-preview":"max-image-preview:large","max-video-preview":"max-video-preview:-1"},"canonical":"https:\/\/blackvue-nordics.com\/sv\/product\/3m-band\/","og_locale":"sv_SE","og_type":"article","og_title":"BlackVue 3M-tejper","og_description":"Har en 3M-tejp p\u00e5 din BlackVue-kamera lossnat eller sitter den inte ordentligt fast l\u00e4ngre? 3M-tejper kan best\u00e4llas separat.","og_url":"https:\/\/blackvue-nordics.com\/sv\/product\/3m-band\/","og_site_name":"BlackVue-Nordics","article_modified_time":"2025-10-08T07:07:41+00:00","og_image":[{"width":1080,"height":1080,"url":"https:\/\/blackvue-nordics.com\/wp-content\/uploads\/2024\/09\/BlakcVue-3M-Tapes.webp","type":"image\/webp"}],"twitter_card":"summary_large_image","twitter_misc":{"Ber\u00e4knad l\u00e4stid":"1 minut"},"schema":{"@context":"https:\/\/schema.org","@graph":[{"@type":"WebPage","@id":"https:\/\/blackvue-nordics.com\/sv\/product\/3m-band\/","url":"https:\/\/blackvue-nordics.com\/sv\/product\/3m-band\/","name":"BlackVue 3M-tejper - BlackVue-Nordics","isPartOf":{"@id":"https:\/\/blackvue-nordics.com\/sv\/#website"},"primaryImageOfPage":{"@id":"https:\/\/blackvue-nordics.com\/sv\/product\/3m-band\/#primaryimage"},"image":{"@id":"https:\/\/blackvue-nordics.com\/sv\/product\/3m-band\/#primaryimage"},"thumbnailUrl":"https:\/\/blackvue-nordics.com\/wp-content\/uploads\/2024\/09\/BlakcVue-3M-Tapes.webp","datePublished":"2024-09-27T07:35:02+00:00","dateModified":"2025-10-08T07:07:41+00:00","description":"Har en 3M-tejp p\u00e5 din BlackVue-kamera lossnat eller sitter den inte ordentligt fast l\u00e4ngre? 3M-tejper kan best\u00e4llas separat.","breadcrumb":{"@id":"https:\/\/blackvue-nordics.com\/sv\/product\/3m-band\/#breadcrumb"},"inLanguage":"sv-SE","potentialAction":[{"@type":"ReadAction","target":["https:\/\/blackvue-nordics.com\/sv\/product\/3m-band\/"]}]},{"@type":"ImageObject","inLanguage":"sv-SE","@id":"https:\/\/blackvue-nordics.com\/sv\/product\/3m-band\/#primaryimage","url":"https:\/\/blackvue-nordics.com\/wp-content\/uploads\/2024\/09\/BlakcVue-3M-Tapes.webp","contentUrl":"https:\/\/blackvue-nordics.com\/wp-content\/uploads\/2024\/09\/BlakcVue-3M-Tapes.webp","width":1080,"height":1080,"caption":"BlakcVue-3M-Tapes"},{"@type":"BreadcrumbList","@id":"https:\/\/blackvue-nordics.com\/sv\/product\/3m-band\/#breadcrumb","itemListElement":[{"@type":"ListItem","position":1,"name":"Home","item":"https:\/\/blackvue-nordics.com\/sv\/"},{"@type":"ListItem","position":2,"name":"Shop","item":"https:\/\/blackvue-nordics.com\/sv\/shop\/"},{"@type":"ListItem","position":3,"name":"BlackVue 3M-tejper"}]},{"@type":"WebSite","@id":"https:\/\/blackvue-nordics.com\/sv\/#website","url":"https:\/\/blackvue-nordics.com\/sv\/","name":"BlackVue-Nordics","description":"Official BlackVue Dashcam website","publisher":{"@id":"https:\/\/blackvue-nordics.com\/sv\/#organization"},"potentialAction":[{"@type":"SearchAction","target":{"@type":"EntryPoint","urlTemplate":"https:\/\/blackvue-nordics.com\/sv\/?s={search_term_string}"},"query-input":{"@type":"PropertyValueSpecification","valueRequired":true,"valueName":"search_term_string"}}],"inLanguage":"sv-SE"},{"@type":"Organization","@id":"https:\/\/blackvue-nordics.com\/sv\/#organization","name":"BlackVue-Nordics","url":"https:\/\/blackvue-nordics.com\/sv\/","logo":{"@type":"ImageObject","inLanguage":"sv-SE","@id":"https:\/\/blackvue-nordics.com\/sv\/#\/schema\/logo\/image\/","url":"https:\/\/blackvue-nordics.com\/wp-content\/uploads\/2024\/08\/BlackVue-Nordics-Logo.webp","contentUrl":"https:\/\/blackvue-nordics.com\/wp-content\/uploads\/2024\/08\/BlackVue-Nordics-Logo.webp","width":849,"height":164,"caption":"BlackVue-Nordics"},"image":{"@id":"https:\/\/blackvue-nordics.com\/sv\/#\/schema\/logo\/image\/"}}]}},"_links":{"self":[{"href":"https:\/\/blackvue-nordics.com\/sv\/wp-json\/wp\/v2\/product\/2829","targetHints":{"allow":["GET"]}}],"collection":[{"href":"https:\/\/blackvue-nordics.com\/sv\/wp-json\/wp\/v2\/product"}],"about":[{"href":"https:\/\/blackvue-nordics.com\/sv\/wp-json\/wp\/v2\/types\/product"}],"wp:featuredmedia":[{"embeddable":true,"href":"https:\/\/blackvue-nordics.com\/sv\/wp-json\/wp\/v2\/media\/1663"}],"wp:attachment":[{"href":"https:\/\/blackvue-nordics.com\/sv\/wp-json\/wp\/v2\/media?parent=2829"}],"wp:term":[{"taxonomy":"product_brand","embeddable":true,"href":"https:\/\/blackvue-nordics.com\/sv\/wp-json\/wp\/v2\/product_brand?post=2829"},{"taxonomy":"product_cat","embeddable":true,"href":"https:\/\/blackvue-nordics.com\/sv\/wp-json\/wp\/v2\/product_cat?post=2829"},{"taxonomy":"product_tag","embeddable":true,"href":"https:\/\/blackvue-nordics.com\/sv\/wp-json\/wp\/v2\/product_tag?post=2829"}],"curies":[{"name":"wp","href":"https:\/\/api.w.org\/{rel}","templated":true}]}}