{"id":2843,"date":"2024-09-27T10:29:14","date_gmt":"2024-09-27T08:29:14","guid":{"rendered":"https:\/\/blackvue-nordics.com\/product\/external-gps-antenna\/"},"modified":"2026-01-07T09:05:06","modified_gmt":"2026-01-07T08:05:06","slug":"extern-gps-antenn","status":"publish","type":"product","link":"https:\/\/blackvue-nordics.com\/sv\/product\/extern-gps-antenn\/","title":{"rendered":"BlackVue Extern GPS-antenn"},"content":{"rendered":"<div class=\"wpb-content-wrapper\"><p>[vc_row full_width=&#8221;stretch_row_content&#8221; content_placement=&#8221;middle&#8221;][vc_column width=&#8221;1\/12&#8243;][\/vc_column][vc_column width=&#8221;1\/3&#8243;][vc_column_text css=&#8221;&#8221;]<\/p>\n<h3>Extern GPS-mottagare (tillval)<\/h3>\n<p>Den externa GPS-mottagaren \u00e4r ansluten till BlackVue USB-porten f\u00f6r att l\u00e4gga till hastighets- och platsdata till inspelningarna.<\/p>\n<p>Den k\u00f6rda hastigheten och platsen p\u00e5 kartan \u00e4r nu synliga n\u00e4r du granskar inspelningen.[\/vc_column_text][\/vc_column][vc_column width=&#8221;7\/12&#8243;][vc_single_image image=&#8221;3563&#8243; img_size=&#8221;full&#8221; alignment=&#8221;center&#8221; css=&#8221;&#8221;][\/vc_column][\/vc_row]<\/p>\n<\/div>","protected":false},"excerpt":{"rendered":"<p>Separat GPS-antenn f\u00f6r BlackVue-dashcams.<\/p>\n<p>L\u00e4mplig f\u00f6r att ta emot GPS-data. Detta g\u00f6r att du kan se hastigheten du k\u00f6rde i inspelningarna, och du kan se p\u00e5 kartan exakt var du k\u00f6rde.<\/p>\n<p>Kompatibel med: DR590X (Plus), DR770X (Box Pro), DR970X (Box) (Plus)-serien och ELITE-modeller.<\/p>\n<p>Obs: ELITE-modeller har inbyggd GPS men v\u00e4xlar till extern GPS n\u00e4r de \u00e4r anslutna.<\/p>\n","protected":false},"featured_media":1703,"template":"","meta":[],"product_brand":[],"product_cat":[97],"product_tag":[],"class_list":{"0":"post-2843","1":"product","2":"type-product","3":"status-publish","4":"has-post-thumbnail","6":"product_cat-tillbehor","8":"first","9":"instock","10":"shipping-taxable","11":"product-type-simple"},"yoast_head":"<!-- This site is optimized with the Yoast SEO Premium plugin v23.6 (Yoast SEO v27.3) - https:\/\/yoast.com\/product\/yoast-seo-premium-wordpress\/ -->\n<title>BlackVue Extern GPS-antenn - BlackVue-Nordics<\/title>\n<meta name=\"description\" content=\"L\u00e4mplig f\u00f6r att ta emot GPS-data. Detta g\u00f6r att du kan se hastigheten du k\u00f6r i inspelningarna, och du kan se p\u00e5 kartan exakt var du k\u00f6r.\" \/>\n<meta name=\"robots\" content=\"index, follow, max-snippet:-1, max-image-preview:large, max-video-preview:-1\" \/>\n<link rel=\"canonical\" href=\"https:\/\/blackvue-nordics.com\/sv\/product\/extern-gps-antenn\/\" \/>\n<meta property=\"og:locale\" content=\"sv_SE\" \/>\n<meta property=\"og:type\" content=\"article\" \/>\n<meta property=\"og:title\" content=\"BlackVue Extern GPS-antenn\" \/>\n<meta property=\"og:description\" content=\"L\u00e4mplig f\u00f6r att ta emot GPS-data. Detta g\u00f6r att du kan se hastigheten du k\u00f6r i inspelningarna, och du kan se p\u00e5 kartan exakt var du k\u00f6r.\" \/>\n<meta property=\"og:url\" content=\"https:\/\/blackvue-nordics.com\/sv\/product\/extern-gps-antenn\/\" \/>\n<meta property=\"og:site_name\" content=\"BlackVue-Nordics\" \/>\n<meta property=\"article:modified_time\" content=\"2026-01-07T08:05:06+00:00\" \/>\n<meta property=\"og:image\" content=\"https:\/\/blackvue-nordics.com\/wp-content\/uploads\/2024\/09\/BlackVue-External-GPS-antenna.webp\" \/>\n\t<meta property=\"og:image:width\" content=\"1500\" \/>\n\t<meta property=\"og:image:height\" content=\"1500\" \/>\n\t<meta property=\"og:image:type\" content=\"image\/webp\" \/>\n<meta name=\"twitter:card\" content=\"summary_large_image\" \/>\n<meta name=\"twitter:label1\" content=\"Ber\u00e4knad l\u00e4stid\" \/>\n\t<meta name=\"twitter:data1\" content=\"1 minut\" \/>\n<script type=\"application\/ld+json\" class=\"yoast-schema-graph\">{\"@context\":\"https:\\\/\\\/schema.org\",\"@graph\":[{\"@type\":\"WebPage\",\"@id\":\"https:\\\/\\\/blackvue-nordics.com\\\/sv\\\/product\\\/extern-gps-antenn\\\/\",\"url\":\"https:\\\/\\\/blackvue-nordics.com\\\/sv\\\/product\\\/extern-gps-antenn\\\/\",\"name\":\"BlackVue Extern GPS-antenn - BlackVue-Nordics\",\"isPartOf\":{\"@id\":\"https:\\\/\\\/blackvue-nordics.com\\\/sv\\\/#website\"},\"primaryImageOfPage\":{\"@id\":\"https:\\\/\\\/blackvue-nordics.com\\\/sv\\\/product\\\/extern-gps-antenn\\\/#primaryimage\"},\"image\":{\"@id\":\"https:\\\/\\\/blackvue-nordics.com\\\/sv\\\/product\\\/extern-gps-antenn\\\/#primaryimage\"},\"thumbnailUrl\":\"https:\\\/\\\/blackvue-nordics.com\\\/wp-content\\\/uploads\\\/2024\\\/09\\\/BlackVue-External-GPS-antenna.webp\",\"datePublished\":\"2024-09-27T08:29:14+00:00\",\"dateModified\":\"2026-01-07T08:05:06+00:00\",\"description\":\"L\u00e4mplig f\u00f6r att ta emot GPS-data. Detta g\u00f6r att du kan se hastigheten du k\u00f6r i inspelningarna, och du kan se p\u00e5 kartan exakt var du k\u00f6r.\",\"breadcrumb\":{\"@id\":\"https:\\\/\\\/blackvue-nordics.com\\\/sv\\\/product\\\/extern-gps-antenn\\\/#breadcrumb\"},\"inLanguage\":\"sv-SE\",\"potentialAction\":[{\"@type\":\"ReadAction\",\"target\":[\"https:\\\/\\\/blackvue-nordics.com\\\/sv\\\/product\\\/extern-gps-antenn\\\/\"]}]},{\"@type\":\"ImageObject\",\"inLanguage\":\"sv-SE\",\"@id\":\"https:\\\/\\\/blackvue-nordics.com\\\/sv\\\/product\\\/extern-gps-antenn\\\/#primaryimage\",\"url\":\"https:\\\/\\\/blackvue-nordics.com\\\/wp-content\\\/uploads\\\/2024\\\/09\\\/BlackVue-External-GPS-antenna.webp\",\"contentUrl\":\"https:\\\/\\\/blackvue-nordics.com\\\/wp-content\\\/uploads\\\/2024\\\/09\\\/BlackVue-External-GPS-antenna.webp\",\"width\":1500,\"height\":1500,\"caption\":\"BlackVue-External-GPS-antenna\"},{\"@type\":\"BreadcrumbList\",\"@id\":\"https:\\\/\\\/blackvue-nordics.com\\\/sv\\\/product\\\/extern-gps-antenn\\\/#breadcrumb\",\"itemListElement\":[{\"@type\":\"ListItem\",\"position\":1,\"name\":\"Home\",\"item\":\"https:\\\/\\\/blackvue-nordics.com\\\/sv\\\/\"},{\"@type\":\"ListItem\",\"position\":2,\"name\":\"Shop\",\"item\":\"https:\\\/\\\/blackvue-nordics.com\\\/sv\\\/shop\\\/\"},{\"@type\":\"ListItem\",\"position\":3,\"name\":\"BlackVue Extern GPS-antenn\"}]},{\"@type\":\"WebSite\",\"@id\":\"https:\\\/\\\/blackvue-nordics.com\\\/sv\\\/#website\",\"url\":\"https:\\\/\\\/blackvue-nordics.com\\\/sv\\\/\",\"name\":\"BlackVue-Nordics\",\"description\":\"Official BlackVue Dashcam website\",\"publisher\":{\"@id\":\"https:\\\/\\\/blackvue-nordics.com\\\/sv\\\/#organization\"},\"potentialAction\":[{\"@type\":\"SearchAction\",\"target\":{\"@type\":\"EntryPoint\",\"urlTemplate\":\"https:\\\/\\\/blackvue-nordics.com\\\/sv\\\/?s={search_term_string}\"},\"query-input\":{\"@type\":\"PropertyValueSpecification\",\"valueRequired\":true,\"valueName\":\"search_term_string\"}}],\"inLanguage\":\"sv-SE\"},{\"@type\":\"Organization\",\"@id\":\"https:\\\/\\\/blackvue-nordics.com\\\/sv\\\/#organization\",\"name\":\"BlackVue-Nordics\",\"url\":\"https:\\\/\\\/blackvue-nordics.com\\\/sv\\\/\",\"logo\":{\"@type\":\"ImageObject\",\"inLanguage\":\"sv-SE\",\"@id\":\"https:\\\/\\\/blackvue-nordics.com\\\/sv\\\/#\\\/schema\\\/logo\\\/image\\\/\",\"url\":\"https:\\\/\\\/blackvue-nordics.com\\\/wp-content\\\/uploads\\\/2024\\\/08\\\/BlackVue-Nordics-Logo.webp\",\"contentUrl\":\"https:\\\/\\\/blackvue-nordics.com\\\/wp-content\\\/uploads\\\/2024\\\/08\\\/BlackVue-Nordics-Logo.webp\",\"width\":849,\"height\":164,\"caption\":\"BlackVue-Nordics\"},\"image\":{\"@id\":\"https:\\\/\\\/blackvue-nordics.com\\\/sv\\\/#\\\/schema\\\/logo\\\/image\\\/\"}}]}<\/script>\n<!-- \/ Yoast SEO Premium plugin. -->","yoast_head_json":{"title":"BlackVue Extern GPS-antenn - BlackVue-Nordics","description":"L\u00e4mplig f\u00f6r att ta emot GPS-data. Detta g\u00f6r att du kan se hastigheten du k\u00f6r i inspelningarna, och du kan se p\u00e5 kartan exakt var du k\u00f6r.","robots":{"index":"index","follow":"follow","max-snippet":"max-snippet:-1","max-image-preview":"max-image-preview:large","max-video-preview":"max-video-preview:-1"},"canonical":"https:\/\/blackvue-nordics.com\/sv\/product\/extern-gps-antenn\/","og_locale":"sv_SE","og_type":"article","og_title":"BlackVue Extern GPS-antenn","og_description":"L\u00e4mplig f\u00f6r att ta emot GPS-data. Detta g\u00f6r att du kan se hastigheten du k\u00f6r i inspelningarna, och du kan se p\u00e5 kartan exakt var du k\u00f6r.","og_url":"https:\/\/blackvue-nordics.com\/sv\/product\/extern-gps-antenn\/","og_site_name":"BlackVue-Nordics","article_modified_time":"2026-01-07T08:05:06+00:00","og_image":[{"width":1500,"height":1500,"url":"https:\/\/blackvue-nordics.com\/wp-content\/uploads\/2024\/09\/BlackVue-External-GPS-antenna.webp","type":"image\/webp"}],"twitter_card":"summary_large_image","twitter_misc":{"Ber\u00e4knad l\u00e4stid":"1 minut"},"schema":{"@context":"https:\/\/schema.org","@graph":[{"@type":"WebPage","@id":"https:\/\/blackvue-nordics.com\/sv\/product\/extern-gps-antenn\/","url":"https:\/\/blackvue-nordics.com\/sv\/product\/extern-gps-antenn\/","name":"BlackVue Extern GPS-antenn - BlackVue-Nordics","isPartOf":{"@id":"https:\/\/blackvue-nordics.com\/sv\/#website"},"primaryImageOfPage":{"@id":"https:\/\/blackvue-nordics.com\/sv\/product\/extern-gps-antenn\/#primaryimage"},"image":{"@id":"https:\/\/blackvue-nordics.com\/sv\/product\/extern-gps-antenn\/#primaryimage"},"thumbnailUrl":"https:\/\/blackvue-nordics.com\/wp-content\/uploads\/2024\/09\/BlackVue-External-GPS-antenna.webp","datePublished":"2024-09-27T08:29:14+00:00","dateModified":"2026-01-07T08:05:06+00:00","description":"L\u00e4mplig f\u00f6r att ta emot GPS-data. Detta g\u00f6r att du kan se hastigheten du k\u00f6r i inspelningarna, och du kan se p\u00e5 kartan exakt var du k\u00f6r.","breadcrumb":{"@id":"https:\/\/blackvue-nordics.com\/sv\/product\/extern-gps-antenn\/#breadcrumb"},"inLanguage":"sv-SE","potentialAction":[{"@type":"ReadAction","target":["https:\/\/blackvue-nordics.com\/sv\/product\/extern-gps-antenn\/"]}]},{"@type":"ImageObject","inLanguage":"sv-SE","@id":"https:\/\/blackvue-nordics.com\/sv\/product\/extern-gps-antenn\/#primaryimage","url":"https:\/\/blackvue-nordics.com\/wp-content\/uploads\/2024\/09\/BlackVue-External-GPS-antenna.webp","contentUrl":"https:\/\/blackvue-nordics.com\/wp-content\/uploads\/2024\/09\/BlackVue-External-GPS-antenna.webp","width":1500,"height":1500,"caption":"BlackVue-External-GPS-antenna"},{"@type":"BreadcrumbList","@id":"https:\/\/blackvue-nordics.com\/sv\/product\/extern-gps-antenn\/#breadcrumb","itemListElement":[{"@type":"ListItem","position":1,"name":"Home","item":"https:\/\/blackvue-nordics.com\/sv\/"},{"@type":"ListItem","position":2,"name":"Shop","item":"https:\/\/blackvue-nordics.com\/sv\/shop\/"},{"@type":"ListItem","position":3,"name":"BlackVue Extern GPS-antenn"}]},{"@type":"WebSite","@id":"https:\/\/blackvue-nordics.com\/sv\/#website","url":"https:\/\/blackvue-nordics.com\/sv\/","name":"BlackVue-Nordics","description":"Official BlackVue Dashcam website","publisher":{"@id":"https:\/\/blackvue-nordics.com\/sv\/#organization"},"potentialAction":[{"@type":"SearchAction","target":{"@type":"EntryPoint","urlTemplate":"https:\/\/blackvue-nordics.com\/sv\/?s={search_term_string}"},"query-input":{"@type":"PropertyValueSpecification","valueRequired":true,"valueName":"search_term_string"}}],"inLanguage":"sv-SE"},{"@type":"Organization","@id":"https:\/\/blackvue-nordics.com\/sv\/#organization","name":"BlackVue-Nordics","url":"https:\/\/blackvue-nordics.com\/sv\/","logo":{"@type":"ImageObject","inLanguage":"sv-SE","@id":"https:\/\/blackvue-nordics.com\/sv\/#\/schema\/logo\/image\/","url":"https:\/\/blackvue-nordics.com\/wp-content\/uploads\/2024\/08\/BlackVue-Nordics-Logo.webp","contentUrl":"https:\/\/blackvue-nordics.com\/wp-content\/uploads\/2024\/08\/BlackVue-Nordics-Logo.webp","width":849,"height":164,"caption":"BlackVue-Nordics"},"image":{"@id":"https:\/\/blackvue-nordics.com\/sv\/#\/schema\/logo\/image\/"}}]}},"_links":{"self":[{"href":"https:\/\/blackvue-nordics.com\/sv\/wp-json\/wp\/v2\/product\/2843","targetHints":{"allow":["GET"]}}],"collection":[{"href":"https:\/\/blackvue-nordics.com\/sv\/wp-json\/wp\/v2\/product"}],"about":[{"href":"https:\/\/blackvue-nordics.com\/sv\/wp-json\/wp\/v2\/types\/product"}],"wp:featuredmedia":[{"embeddable":true,"href":"https:\/\/blackvue-nordics.com\/sv\/wp-json\/wp\/v2\/media\/1703"}],"wp:attachment":[{"href":"https:\/\/blackvue-nordics.com\/sv\/wp-json\/wp\/v2\/media?parent=2843"}],"wp:term":[{"taxonomy":"product_brand","embeddable":true,"href":"https:\/\/blackvue-nordics.com\/sv\/wp-json\/wp\/v2\/product_brand?post=2843"},{"taxonomy":"product_cat","embeddable":true,"href":"https:\/\/blackvue-nordics.com\/sv\/wp-json\/wp\/v2\/product_cat?post=2843"},{"taxonomy":"product_tag","embeddable":true,"href":"https:\/\/blackvue-nordics.com\/sv\/wp-json\/wp\/v2\/product_tag?post=2843"}],"curies":[{"name":"wp","href":"https:\/\/api.w.org\/{rel}","templated":true}]}}